{"id":889,"date":"2025-07-10T07:14:02","date_gmt":"2025-07-10T07:14:02","guid":{"rendered":"https:\/\/www.hempcare.nl\/?post_type=product&#038;p=889"},"modified":"2025-08-11T10:00:47","modified_gmt":"2025-08-11T10:00:47","slug":"hempcare-raw-cbd-capsules-5","status":"publish","type":"product","link":"https:\/\/www.hempcare.nl\/fr\/hempcare-raw-cbd-capsules-5\/","title":{"rendered":"Hempcare RAW CBD Capsules 5%"},"content":{"rendered":"<div class=\"wpb_text_column wpb_content_element\">\n<div class=\"wpb_wrapper\">\n<p>Les capsules de CBD de Hempcare contiennent ce que la nature a de mieux \u00e0 offrir. Elles peuvent donc \u00eatre utilis\u00e9es en toute s\u00e9curit\u00e9 et \u00e0 grande \u00e9chelle comme compl\u00e9ment alimentaire.<\/p>\n<p>Les 100% natural Hempcare CBD capsules contiennent de l'huile de graines de chanvre et de l'extrait de chanvre, qui contient du CBD brut. Cela aide \u00e0 construire, r\u00e9parer et soutenir le corps.<\/p>\n<p>Tous les composants naturels essentiels de la plante de chanvre sont conserv\u00e9s dans ce produit.<\/p>\n<p>La capsule molle naturelle 100% est compos\u00e9e de prot\u00e9ines v\u00e9g\u00e9tales d'\u0153uf et se dissout dans l'estomac, lib\u00e9rant les cannabino\u00efdes et d'autres substances. La prise d'une capsule \u00e9quivaut \u00e0 environ 3 gouttes de Hempcare RAW 5%. L'avantage d'une capsule de CBD par rapport aux cristaux de CBD ou \u00e0 l'huile de CBD est que l'odeur et le go\u00fbt ne jouent aucun r\u00f4le. Il est donc plus facile d'obtenir une dose quotidienne de CBD !<\/p>\n<p>Vous pr\u00e9f\u00e9rez toujours le CBD sous forme de poudre ou d'huile ? Jetez un coup d'\u0153il \u00e0 nos autres produits CBD !<\/p>\n<h2>Les avantages des capsules de CBD :<\/h2>\n<ul>\n<li>90 g\u00e9lules par pot<\/li>\n<li>Facile \u00e0 prendre<\/li>\n<li>Contient de l'huile de CBD RAW 5% non transform\u00e9e<\/li>\n<li>100% naturel et biologique<\/li>\n<li>100% huile pure, non purifi\u00e9e, extraite ou filtr\u00e9e<\/li>\n<li>Une capsule contient 3 gouttes d'huile de CBD Hempcare RAW 5%<\/li>\n<\/ul>\n<h2>Utilisation<\/h2>\n<p>Prendre 1 g\u00e9lule par jour avec de l'eau. Si vous le souhaitez, le dosage peut \u00eatre augment\u00e9 jusqu'\u00e0 un maximum de 4 g\u00e9lules par jour. Ne pas d\u00e9passer cette quantit\u00e9.<\/p>\n<p>Ne prenez pas plus de 160 mg de CBD par jour.<\/p>\n<h2>Ingr\u00e9dients<\/h2>\n<ul>\n<li>450MG CBD (cannabidiol)<\/li>\n<li>50% extrait de chanvre<\/li>\n<li>50% huile de chanvre<\/li>\n<li>G\u00e9latine (v\u00e9g\u00e9tale)<\/li>\n<li>Glyc\u00e9rol (v\u00e9g\u00e9tal)<\/li>\n<\/ul>\n<p>Ce produit ne contient pas de THC.<\/p>\n<\/div>\n<\/div>","protected":false},"excerpt":{"rendered":"<p>Les capsules de CBD Hempcare sont remplies d'huile de CBD RAW Hempcare 5%. Elle contient du cannabidiol ainsi que d'autres cannabino\u00efdes, des flavono\u00efdes, des terp\u00e8nes et des ph\u00e9nols. Ces capsules de CBD ne contiennent pas de THC !<\/p>","protected":false},"featured_media":895,"template":"","meta":[],"product_brand":[],"product_cat":[16],"product_tag":[],"class_list":{"0":"post-889","1":"product","2":"type-product","3":"status-publish","4":"has-post-thumbnail","6":"product_cat-cbd","8":"first","9":"instock","10":"taxable","11":"shipping-taxable","12":"purchasable","13":"product-type-variable","14":"has-default-attributes"},"_links":{"self":[{"href":"https:\/\/www.hempcare.nl\/fr\/wp-json\/wp\/v2\/product\/889","targetHints":{"allow":["GET"]}}],"collection":[{"href":"https:\/\/www.hempcare.nl\/fr\/wp-json\/wp\/v2\/product"}],"about":[{"href":"https:\/\/www.hempcare.nl\/fr\/wp-json\/wp\/v2\/types\/product"}],"wp:featuredmedia":[{"embeddable":true,"href":"https:\/\/www.hempcare.nl\/fr\/wp-json\/wp\/v2\/media\/895"}],"wp:attachment":[{"href":"https:\/\/www.hempcare.nl\/fr\/wp-json\/wp\/v2\/media?parent=889"}],"wp:term":[{"taxonomy":"product_brand","embeddable":true,"href":"https:\/\/www.hempcare.nl\/fr\/wp-json\/wp\/v2\/product_brand?post=889"},{"taxonomy":"product_cat","embeddable":true,"href":"https:\/\/www.hempcare.nl\/fr\/wp-json\/wp\/v2\/product_cat?post=889"},{"taxonomy":"product_tag","embeddable":true,"href":"https:\/\/www.hempcare.nl\/fr\/wp-json\/wp\/v2\/product_tag?post=889"}],"curies":[{"name":"wp","href":"https:\/\/api.w.org\/{rel}","templated":true}]}}