{"id":879,"date":"2025-07-10T07:09:35","date_gmt":"2025-07-10T07:09:35","guid":{"rendered":"https:\/\/www.hempcare.nl\/?post_type=product&#038;p=879"},"modified":"2026-04-14T14:34:50","modified_gmt":"2026-04-14T14:34:50","slug":"hempcare-ruby-10","status":"publish","type":"product","link":"https:\/\/www.hempcare.nl\/fr\/hempcare-ruby-10\/","title":{"rendered":"Hempcare Ruby 10%"},"content":{"rendered":"<div class=\"wpb_text_column wpb_content_element\">\n<div class=\"wpb_wrapper\">\n<p>Hempcare RUBY 10% CBD 10 ml est une variante sp\u00e9ciale de CBD. Alors que Hempcare a utilis\u00e9 une plante de chanvre \u00e0 fibres communes pour RAW 5% CBD, il a choisi une plante plus rare pour Hempcare RUBY 10% CBD.<\/p>\n<p>La plante de chanvre utilis\u00e9e pour fabriquer le Hempcare RUBY 10% CBD pousse sur un milieu nutritif sp\u00e9cial situ\u00e9 en altitude. Ce milieu nutritif ressemble \u00e0 de l'argile rouge, ce qui explique aussi la couleur rubis particuli\u00e8rement belle de RUBY 10% CBD.<\/p>\n<h2>B\u00eata-caryophyll\u00e8ne<\/h2>\n<p>Ce terrain de culture sp\u00e9cial garantit \u00e9galement que la plante contient un terp\u00e8ne particulier, le b\u00eata-caryophyll\u00e8ne. Ce terp\u00e8ne est lou\u00e9 depuis des si\u00e8cles pour ses effets anti-inflammatoires et anti-douleurs, m\u00eame si l'on ignorait jusqu'\u00e0 pr\u00e9sent qu'ils \u00e9taient dus \u00e0 ce terp\u00e8ne.<\/p>\n<p>Le terp\u00e8ne est pr\u00e9sent dans de nombreuses plantes et herbes. Dans Hempcare RUBY 10% CBD, il est toutefois pr\u00e9sent en plus grand nombre. La proportion de substances naturelles et v\u00e9g\u00e9tales garantit des effets optimaux.<\/p>\n<h2>La construction<\/h2>\n<p>L'huile de CBD 100% natural Hempcare RUBY 10% de Hempcare est compos\u00e9e d'huile de graines de chanvre et d'extrait de chanvre. Tous les composants naturels importants et essentiels de la plante de chanvre \u00e0 fibres sont conserv\u00e9s dans ce processus. L'huile CBD RUBY 10% ne contient que ce que la nature a de mieux \u00e0 offrir.<\/p>\n<h2>Avantages<\/h2>\n<ul>\n<li>Peut avoir un effet anti-inflammatoire<\/li>\n<li>Les sympt\u00f4mes d'anxi\u00e9t\u00e9 et de stress peuvent dispara\u00eetre<\/li>\n<li>Le TDAH, la maladie de Parkinson, les troubles rhumatismaux et les migraines peuvent r\u00e9duire la consommation d'alcool.<\/li>\n<li>100% naturel et biologique<\/li>\n<li>Dans un flacon distributeur pratique<\/li>\n<\/ul>\n<h2>Ingr\u00e9dients<\/h2>\n<ul>\n<li>Huile de graines de chanvre<\/li>\n<li>Extrait de chanvre<\/li>\n<li>Cannabidiol (CBD)<\/li>\n<li>Ne prenez pas plus de 160 mg de CBD par jour.<\/li>\n<\/ul>\n<p>Ce produit contient moins de 0,05% de THC.<\/p>\n<p>&nbsp;<\/p>\n<\/div>\n<\/div>","protected":false},"excerpt":{"rendered":"<p>Hempcare RUBY 10% L'huile de CBD est riche en terp\u00e8nes sp\u00e9ciaux qui jouent un r\u00f4le important dans diverses fonctions de l'organisme.<\/p>","protected":false},"featured_media":882,"template":"","meta":[],"product_brand":[],"product_cat":[16],"product_tag":[],"class_list":{"0":"post-879","1":"product","2":"type-product","3":"status-publish","4":"has-post-thumbnail","6":"product_cat-cbd","8":"first","9":"instock","10":"taxable","11":"shipping-taxable","12":"purchasable","13":"product-type-variable","14":"has-default-attributes"},"_links":{"self":[{"href":"https:\/\/www.hempcare.nl\/fr\/wp-json\/wp\/v2\/product\/879","targetHints":{"allow":["GET"]}}],"collection":[{"href":"https:\/\/www.hempcare.nl\/fr\/wp-json\/wp\/v2\/product"}],"about":[{"href":"https:\/\/www.hempcare.nl\/fr\/wp-json\/wp\/v2\/types\/product"}],"wp:featuredmedia":[{"embeddable":true,"href":"https:\/\/www.hempcare.nl\/fr\/wp-json\/wp\/v2\/media\/882"}],"wp:attachment":[{"href":"https:\/\/www.hempcare.nl\/fr\/wp-json\/wp\/v2\/media?parent=879"}],"wp:term":[{"taxonomy":"product_brand","embeddable":true,"href":"https:\/\/www.hempcare.nl\/fr\/wp-json\/wp\/v2\/product_brand?post=879"},{"taxonomy":"product_cat","embeddable":true,"href":"https:\/\/www.hempcare.nl\/fr\/wp-json\/wp\/v2\/product_cat?post=879"},{"taxonomy":"product_tag","embeddable":true,"href":"https:\/\/www.hempcare.nl\/fr\/wp-json\/wp\/v2\/product_tag?post=879"}],"curies":[{"name":"wp","href":"https:\/\/api.w.org\/{rel}","templated":true}]}}