{"id":874,"date":"2025-07-10T07:06:11","date_gmt":"2025-07-10T07:06:11","guid":{"rendered":"https:\/\/www.hempcare.nl\/?post_type=product&#038;p=874"},"modified":"2026-04-14T14:35:10","modified_gmt":"2026-04-14T14:35:10","slug":"hempcare-sport-10","status":"publish","type":"product","link":"https:\/\/www.hempcare.nl\/fr\/hempcare-sport-10\/","title":{"rendered":"Hempcare Sport 10%"},"content":{"rendered":"<div class=\"wpb_text_column wpb_content_element\">\n<div class=\"wpb_wrapper\">\n<div class=\"wpb_text_column wpb_content_element\">\n<div class=\"wpb_wrapper\">\n<p>Les athl\u00e8tes, qu'ils soient d'\u00e9lite ou de loisir, partagent le m\u00eame d\u00e9fi. Ils travaillent avec leur corps et ont un objectif \u00e0 atteindre en s'entra\u00eenant. Le fait qu'il soit douloureux de repousser les limites ne les emp\u00eache pas de le faire. Les athl\u00e8tes et les sportifs de diff\u00e9rents niveaux utilisent le CBD pour am\u00e9liorer leurs performances.<\/p>\n<p>Parall\u00e8lement, de plus en plus d'athl\u00e8tes d\u00e9couvrent que le CBD les aide \u00e9galement sur d'autres plans. Le CBD r\u00e9duit la douleur et l'inflammation, am\u00e9liore le sommeil et la concentration et r\u00e9tablit l'\u00e9quilibre du corps.<\/p>\n<p>C'est pourquoi Hempcare a d\u00e9velopp\u00e9 un produit CBD enrichi sp\u00e9cialement pour les athl\u00e8tes : CBD Sport.<\/p>\n<p>Hempcare CBD Sport est un produit naturel pur, \u00e0 spectre complet, qui contient toutes les substances importantes de la plante de chanvre. Outre l'ingr\u00e9dient principal, le cannabidiol, il s'agit de tous les autres cannabino\u00efdes, terp\u00e8nes, vitamines, prot\u00e9ines et autres substances.<\/p>\n<p>Plusieurs terp\u00e8nes sp\u00e9cifiques ont \u00e9galement \u00e9t\u00e9 ajout\u00e9s \u00e0 Hempcare CBD Sport. Les terp\u00e8nes sont des compos\u00e9s aromatiques, olfactifs et color\u00e9s pr\u00e9sents dans toutes les plantes. Au cours de d\u00e9cennies de recherche sur ces composants naturels, les scientifiques ont d\u00e9couvert des propri\u00e9t\u00e9s particuli\u00e8res qui, comme le CBD, sont b\u00e9n\u00e9fiques pour les athl\u00e8tes. En collaboration avec des athl\u00e8tes et sur la base de leurs exp\u00e9riences, Hempcare a enrichi l'huile de CBD de base avec certains de ces terp\u00e8nes sp\u00e9cifiques.<\/p>\n<h2>Avantages de Hempcare CBD Sport<\/h2>\n<ul>\n<li>Les Sporters connaissent la lutte constante entre la performance et la douleur. La douleur la plus fr\u00e9quente est la douleur inflammatoire due \u00e0 des d\u00e9chirures musculaires ou \u00e0 des blessures. Des \u00e9tudes montrent que le CBD peut soulager ces sympt\u00f4mes et faciliter la r\u00e9cup\u00e9ration. Les propri\u00e9t\u00e9s du CBD aident les athl\u00e8tes \u00e0 renforcer le syst\u00e8me immunitaire, rendant le corps plus r\u00e9sistant au stress et aux infections.<\/li>\n<li>L'entra\u00eenement et l'exercice intenses peuvent provoquer du stress et de l'anxi\u00e9t\u00e9 dans l'organisme. Les athl\u00e8tes sont alors fatigu\u00e9s plus longtemps et r\u00e9cup\u00e8rent moins bien. Le CBD aide le corps \u00e0 r\u00e9duire la r\u00e9ponse au stress lors des s\u00e9ances d'entra\u00eenement, ce qui permet aux athl\u00e8tes de continuer \u00e0 s'entra\u00eener sans que leur corps ne r\u00e9agisse n\u00e9gativement.<\/li>\n<li>Le CBD procure un certain repos n\u00e9cessaire \u00e0 un cycle de sommeil agr\u00e9able et relaxant. Et ce sommeil est extr\u00eamement important pour la r\u00e9cup\u00e9ration du corps, surtout si vous voulez \u00eatre performant. Pour compl\u00e9ter Hempcare CBD Sport, vous pouvez \u00e9galement utiliser Hempcare CBD Sleep.<\/li>\n<li>Les utilisateurs de CBD signalent qu'il aide \u00e9galement \u00e0 soulager les douleurs articulaires.<\/li>\n<li>La recherche montre que le CBD a des propri\u00e9t\u00e9s antioxydantes et am\u00e9liore la circulation sanguine. Cela permet aux muscles de recevoir plus d'oxyg\u00e8ne et les nutriments dont ils ont besoin.<br \/>\nHempcare CBD Sport favorise la croissance musculaire pendant le processus de r\u00e9cup\u00e9ration et pr\u00e9vient l'inflammation. Cela permet aux athl\u00e8tes de d\u00e9velopper leur masse musculaire plus rapidement et Hempcare CBD Sport convient particuli\u00e8rement aux athl\u00e8tes dont l'objectif principal est le renforcement de la force et le d\u00e9veloppement musculaire.<\/li>\n<li>Les r\u00e9sultats de Hempcare CBD Sport varient d'un athl\u00e8te \u00e0 l'autre. La vitesse \u00e0 laquelle les effets sont per\u00e7us sera \u00e9galement diff\u00e9rente pour chaque personne. Cela est d\u00fb aux diff\u00e9rences individuelles en termes de corps, de mode de vie et de niveau d'entra\u00eenement.<\/li>\n<\/ul>\n<h2>Ingr\u00e9dients<\/h2>\n<ul>\n<li>Huile de graines de chanvre<\/li>\n<li>Extrait de chanvre<\/li>\n<li>Cannabidiol (CBD)<\/li>\n<li>Myrc\u00e8ne<\/li>\n<li>B\u00eata-caryophyll\u00e8ne<\/li>\n<li>Eucalyptol<\/li>\n<li>Linalol<\/li>\n<li>A-pin\u00e8ne<\/li>\n<li>Humul\u00e8ne<\/li>\n<\/ul>\n<p>Ne prenez pas plus de 160 mg de CBD par jour.<\/p>\n<p>Ce produit contient moins de 0,05% de THC.<\/p>\n<\/div>\n<\/div>\n<\/div>\n<\/div>","protected":false},"excerpt":{"rendered":"<p>Cette huile de CBD 10% 10ml \u00e0 spectre complet contient plusieurs terp\u00e8nes de la famille du CBD en plus du meilleur CBD. Cela rend Hempcare CBD SPORT tr\u00e8s int\u00e9ressant pour les amateurs de sport.<\/p>","protected":false},"featured_media":877,"template":"","meta":[],"product_brand":[],"product_cat":[16],"product_tag":[],"class_list":{"0":"post-874","1":"product","2":"type-product","3":"status-publish","4":"has-post-thumbnail","6":"product_cat-cbd","8":"first","9":"instock","10":"taxable","11":"shipping-taxable","12":"purchasable","13":"product-type-variable","14":"has-default-attributes"},"_links":{"self":[{"href":"https:\/\/www.hempcare.nl\/fr\/wp-json\/wp\/v2\/product\/874","targetHints":{"allow":["GET"]}}],"collection":[{"href":"https:\/\/www.hempcare.nl\/fr\/wp-json\/wp\/v2\/product"}],"about":[{"href":"https:\/\/www.hempcare.nl\/fr\/wp-json\/wp\/v2\/types\/product"}],"wp:featuredmedia":[{"embeddable":true,"href":"https:\/\/www.hempcare.nl\/fr\/wp-json\/wp\/v2\/media\/877"}],"wp:attachment":[{"href":"https:\/\/www.hempcare.nl\/fr\/wp-json\/wp\/v2\/media?parent=874"}],"wp:term":[{"taxonomy":"product_brand","embeddable":true,"href":"https:\/\/www.hempcare.nl\/fr\/wp-json\/wp\/v2\/product_brand?post=874"},{"taxonomy":"product_cat","embeddable":true,"href":"https:\/\/www.hempcare.nl\/fr\/wp-json\/wp\/v2\/product_cat?post=874"},{"taxonomy":"product_tag","embeddable":true,"href":"https:\/\/www.hempcare.nl\/fr\/wp-json\/wp\/v2\/product_tag?post=874"}],"curies":[{"name":"wp","href":"https:\/\/api.w.org\/{rel}","templated":true}]}}