{"id":389,"date":"2025-02-19T11:31:42","date_gmt":"2025-02-19T11:31:42","guid":{"rendered":"https:\/\/www.hempcare.nl\/?post_type=product&#038;p=389"},"modified":"2026-04-14T14:35:10","modified_gmt":"2026-04-14T14:35:10","slug":"hempcare-raw-5","status":"publish","type":"product","link":"https:\/\/www.hempcare.nl\/fr\/hempcare-raw-5\/","title":{"rendered":"Hempcare Raw 5%"},"content":{"rendered":"<div class=\"wpb_text_column wpb_content_element\">\n<div class=\"wpb_wrapper\">\n<p>De plus en plus de personnes dans le monde d\u00e9couvrent les bienfaits de l'huile de CBD. Elle a un effet relaxant, soulage la douleur et procure un \u00e9quilibre mental.<\/p>\n<p>La recherche sur le potentiel du CBD se poursuit, et les scientifiques d\u00e9couvrent chaque semaine de nouvelles propri\u00e9t\u00e9s qui aident \u00e0 traiter des probl\u00e8mes sp\u00e9cifiques et individuels.<\/p>\n<p>Hempcare RAW 5% est du CBD non trait\u00e9 dans sa forme la plus pure. Il contient tous les principaux cannabino\u00efdes, flavono\u00efdes et terp\u00e8nes pr\u00e9sents dans le chanvre. Ce produit naturel est reconnu par le corps comme s'il \u00e9tait endog\u00e8ne. En effet, nous produisons nous-m\u00eames un type de cannabino\u00efdes dans notre corps, appel\u00e9s endocannabino\u00efdes. Ceux-ci sont presque identiques aux cannabino\u00efdes v\u00e9g\u00e9taux du chanvre. C'est pourquoi l'huile de CBD est si bien tol\u00e9r\u00e9e.<\/p>\n<h2>Dosage Raw 5%<\/h2>\n<p>Faire couler 1 \u00e0 5 gouttes sous la langue deux fois par jour. Il est conseill\u00e9 d'augmenter le nombre de gouttes en fonction des besoins. Ne prenez pas plus de 160 mg de CBD par jour.<\/p>\n<p>Conseil suppl\u00e9mentaire : essayez de ne pas avaler pendant la premi\u00e8re minute suivant l'ingestion, afin de donner aux glandes salivaires le temps d'absorber le CBD le mieux possible.<\/p>\n<h2>Ingr\u00e9dients<\/h2>\n<ul>\n<li>Huile de graines de chanvre<\/li>\n<li>Extrait de chanvre<\/li>\n<li>Cannibdiol (CBD) 500mg par 10ml<\/li>\n<\/ul>\n<p>Ce produit contient moins de 0,05% de THC.<\/p>\n<\/div>\n<\/div>","protected":false},"excerpt":{"rendered":"<p>Hempcare RAW 5% est un merveilleux produit de base, id\u00e9al pour les utilisateurs novices de CBD.<\/p>","protected":false},"featured_media":825,"template":"","meta":[],"product_brand":[],"product_cat":[16],"product_tag":[],"class_list":{"0":"post-389","1":"product","2":"type-product","3":"status-publish","4":"has-post-thumbnail","6":"product_cat-cbd","8":"first","9":"instock","10":"taxable","11":"shipping-taxable","12":"purchasable","13":"product-type-variable","14":"has-default-attributes"},"_links":{"self":[{"href":"https:\/\/www.hempcare.nl\/fr\/wp-json\/wp\/v2\/product\/389","targetHints":{"allow":["GET"]}}],"collection":[{"href":"https:\/\/www.hempcare.nl\/fr\/wp-json\/wp\/v2\/product"}],"about":[{"href":"https:\/\/www.hempcare.nl\/fr\/wp-json\/wp\/v2\/types\/product"}],"wp:featuredmedia":[{"embeddable":true,"href":"https:\/\/www.hempcare.nl\/fr\/wp-json\/wp\/v2\/media\/825"}],"wp:attachment":[{"href":"https:\/\/www.hempcare.nl\/fr\/wp-json\/wp\/v2\/media?parent=389"}],"wp:term":[{"taxonomy":"product_brand","embeddable":true,"href":"https:\/\/www.hempcare.nl\/fr\/wp-json\/wp\/v2\/product_brand?post=389"},{"taxonomy":"product_cat","embeddable":true,"href":"https:\/\/www.hempcare.nl\/fr\/wp-json\/wp\/v2\/product_cat?post=389"},{"taxonomy":"product_tag","embeddable":true,"href":"https:\/\/www.hempcare.nl\/fr\/wp-json\/wp\/v2\/product_tag?post=389"}],"curies":[{"name":"wp","href":"https:\/\/api.w.org\/{rel}","templated":true}]}}