{"id":3,"date":"2024-10-15T08:26:36","date_gmt":"2024-10-15T08:26:36","guid":{"rendered":"https:\/\/www.hempcare.nl\/?page_id=3"},"modified":"2025-09-09T12:56:54","modified_gmt":"2025-09-09T12:56:54","slug":"politique-de-confidentialite","status":"publish","type":"page","link":"https:\/\/www.hempcare.nl\/fr\/privacybeleid\/","title":{"rendered":"Politique de confidentialit\u00e9"},"content":{"rendered":"<h1 class=\"wp-block-heading\">Politique de confidentialit\u00e9<\/h1>\n\n\n\n<p>Cette d\u00e9claration de confidentialit\u00e9 d\u00e9crit comment hempcare utilise et prot\u00e8ge les informations que vous fournissez lorsque vous utilisez www.hempcare.nl. Hempcare s'engage \u00e0 prot\u00e9ger votre vie priv\u00e9e.<\/p>\n\n\n\n<p>Vous avez encore des questions ? Vous pouvez nous contacter \u00e0 l'adresse suivante<\/p>\n\n\n\n<p>- E-mail :&nbsp;<a href=\"mailto:info@hempcare.nl\">info@hempcare.nl<\/a><\/p>\n\n\n\n<p><strong>D\u00e9claration de confidentialit\u00e9<\/strong><br>Vous pouvez visiter ce site web sans nous dire qui vous \u00eates ni fournir d'informations vous concernant. Toutefois, dans certaines situations, nous avons besoin d'informations pour correspondre avec vous, par exemple. Nous nous effor\u00e7ons de vous informer \u00e0 tout moment avant de collecter des informations personnelles via l'internet. Ce site web utilise un compteur pour suivre le nombre de visiteurs, les sites web d'o\u00f9 ils viennent et le fournisseur d'acc\u00e8s par lequel ils acc\u00e8dent \u00e0 l'internet. Les r\u00e9sultats ne sont utilis\u00e9s que sous forme agr\u00e9g\u00e9e et ne permettent pas de remonter \u00e0 des personnes individuelles.<\/p>\n\n\n\n<p>Les donn\u00e9es (personnelles) collect\u00e9es ne seront pas vendues ou mises \u00e0 la disposition de tiers. Sauf circonstances particuli\u00e8res, par exemple si la loi l'exige. Vous pouvez \u00e9galement demander \u00e0 tout moment que vos donn\u00e9es soient supprim\u00e9es de nos fichiers.<\/p>\n\n\n\n<p><strong>1. La s\u00e9curit\u00e9<\/strong><br>Www.hempcare.co.uk s'engage \u00e0 prendre toutes les mesures techniques et organisationnelles appropri\u00e9es pour prot\u00e9ger vos donn\u00e9es personnelles contre la destruction, la perte, l'alt\u00e9ration accidentelle, les dommages ou la divulgation. Pour assurer cette s\u00e9curit\u00e9, www.hempcare.nl utilise le cryptage des communications entre le serveur et votre ordinateur, le cryptage des donn\u00e9es stock\u00e9es.<\/p>\n\n\n\n<p><strong>2. Traitement des donn\u00e9es \u00e0 caract\u00e8re personnel<\/strong><br>Sur le site www.hempcare.nl, des donn\u00e9es personnelles vous concernant sont collect\u00e9es de diff\u00e9rentes mani\u00e8res, lorsque vous remplissez un formulaire en ligne, lorsque vous vous abonnez \u00e0 un bulletin d'information et lorsque vous utilisez certains services en ligne. Les donn\u00e9es que vous communiquez via le site web ne seront utilis\u00e9es que pour vous fournir les informations que vous avez demand\u00e9es et pour vous envoyer le(s) bulletin(s) d'information demand\u00e9(s). En communiquant ces donn\u00e9es personnelles, vous acceptez express\u00e9ment que www.hempcare.nl conserve et traite ces donn\u00e9es aux fins susmentionn\u00e9es.<br>En outre, certaines donn\u00e9es nous sont automatiquement fournies, comme votre adresse IP, par le biais de l'analyse web. Pour en savoir plus sur l'utilisation de l'analyse web, voir ci-dessous. Vous pouvez vous d\u00e9sinscrire de toutes les lettres d'information afin de ne plus recevoir de messages de la part de hempcare. Vous avez toujours le droit de consulter les informations personnelles que nous d\u00e9tenons \u00e0 votre sujet. Vous pouvez demander un aper\u00e7u de vos informations personnelles en envoyant un e-mail \u00e0 l'adresse e-mail ci-dessus.<\/p>\n\n\n\n<p><strong>3. Analyse du web<\/strong><br>Google Analytics<br>Nous utilisons Google (Universal) Analytics, le service d'analyse du Web de Google, pour analyser l'utilisation de notre site Web. Pour ce faire, Google Analytics utilise des \"cookies\", c'est-\u00e0-dire de petits fichiers texte qui sont stock\u00e9s sur votre ordinateur, votre tablette ou votre t\u00e9l\u00e9phone portable lors de votre visite sur notre site web. Cette fonctionnalit\u00e9 n'est activ\u00e9e que lorsque vous avez donn\u00e9 votre accord pour que les cookies soient plac\u00e9s. Les informations obtenues, y compris votre adresse IP, sont stock\u00e9es par Google sur des serveurs situ\u00e9s aux \u00c9tats-Unis. Nous avons sign\u00e9 un accord de traitement avec Google pour convenir de la mani\u00e8re de traiter les donn\u00e9es. Les donn\u00e9es sont stock\u00e9es par d\u00e9faut pendant 50 mois. Pour plus d'informations, consultez la politique de confidentialit\u00e9 de Google et la politique de confidentialit\u00e9 de Google Analytics.<\/p>\n\n\n\n<p>Nous utilisons les fonctions publicitaires suivantes de Google Analytics :<\/p>\n\n\n\n<ul class=\"wp-block-list\">\n<li>Remarketing avec Google Analytics : nous l'utilisons pour reprendre contact avec les utilisateurs et leur proposer des offres pertinentes.<\/li>\n\n\n\n<li>Int\u00e9gration de la plateforme DoubleClick avec Google Analytics : nous int\u00e9grons nos outils d'analyse du web avec les plateformes de publicit\u00e9 payante afin d'obtenir davantage d'informations. Cela nous permet de mieux cibler nos annonces et de pr\u00e9senter les bons types d'offres.<\/li>\n\n\n\n<li>Rapports sur les impressions dans le R\u00e9seau Display de Google : ils nous permettent de mieux comprendre quels utilisateurs ont vu nos annonces payantes sur d'autres sites web. Nous utilisons ces informations pour rendre nos annonces plus sp\u00e9cifiques et plus pertinentes.<\/li>\n\n\n\n<li>Rapports sur les cat\u00e9gories d\u00e9mographiques et d'int\u00e9r\u00eat de Google Analytics : ils nous permettent d'en savoir plus sur les utilisateurs de notre site web. Par exemple, l'\u00e2ge, le sexe et les centres d'int\u00e9r\u00eat, \u00e0 un niveau anonyme et agr\u00e9g\u00e9. Ces donn\u00e9es ne contiennent donc aucune information personnelle permettant de vous identifier en tant qu'utilisateur. Gr\u00e2ce \u00e0 ces donn\u00e9es, nous adaptons notre site web afin de vous offrir la meilleure exp\u00e9rience possible.<\/li>\n\n\n\n<li>Services int\u00e9gr\u00e9s \u00e0 des fins publicitaires pour lesquels Google Analytics collecte des donn\u00e9es, y compris des donn\u00e9es collect\u00e9es par le biais de cookies et d'identifiants publicitaires.<br>Les informations relatives \u00e0 votre utilisation de notre site web sont collect\u00e9es par Google au moyen de cookies et d'identifiants publicitaires de Google. Google peut fournir des informations \u00e0 des tiers si la loi l'y oblige ou si ces tiers traitent les informations pour le compte de Google.<\/li>\n<\/ul>\n\n\n\n<p><strong>Hotjar<\/strong><\/p>\n\n\n\n<p>Nous utilisons Hotjar pour mieux comprendre les besoins de nos utilisateurs et am\u00e9liorer notre service et l'exp\u00e9rience correspondante. Hotjar est un service technologique qui nous aide \u00e0 mieux comprendre l'exp\u00e9rience de nos utilisateurs (le temps qu'ils passent sur une page, les liens sur lesquels ils d\u00e9cident de cliquer, ce que les utilisateurs aiment et n'aiment pas, etc. Hotjar utilise des cookies et d'autres technologies pour collecter des donn\u00e9es sur le comportement de nos utilisateurs et de leurs appareils (en particulier les adresses IP des appareils (captur\u00e9es et stock\u00e9es uniquement sous forme anonyme), la r\u00e9solution de l'\u00e9cran de l'appareil, le type d'appareil (identifiants uniques de l'appareil), les informations sur le navigateur, la localisation g\u00e9ographique (au niveau du pays uniquement), la langue pr\u00e9f\u00e9r\u00e9e pour l'affichage de notre site web). Cette fonctionnalit\u00e9 n'est activ\u00e9e que lorsque vous avez donn\u00e9 votre accord pour l'installation des cookies. Hotjar stocke ces informations dans un profil d'utilisateur pseudo-anonyme. Ni Hotjar ni nous-m\u00eames n'utiliserons jamais ces informations pour identifier des utilisateurs individuels ou les relier \u00e0 d'autres donn\u00e9es sur un utilisateur individuel.<\/p>\n\n\n\n<p>Plus loin<br>Nous recueillons aussi automatiquement des informations sur l'utilisation de notre site web par le biais de cookies. Cela nous permet d'\u00e9tablir des statistiques sur l'utilisation de notre site web et d'envoyer des communications plus cibl\u00e9es. Facebook et Google AdWords mettent \u00e9galement ce type de donn\u00e9es \u00e0 notre disposition par le biais d'Audience Insights. Voir leur politique de confidentialit\u00e9 pour plus d'informations : Facebook et Google AdWords.<br>Nous utilisons les donn\u00e9es aux fins suivantes :<\/p>\n\n\n\n<ul class=\"wp-block-list\">\n<li>Pour se faire une id\u00e9e de notre public cible et des personnes qui visitent notre site web. Tels que leurs int\u00e9r\u00eats, leur \u00e2ge et leur lieu de r\u00e9sidence.<\/li>\n\n\n\n<li>Am\u00e9liorer le site web en fonction de vos besoins et de vos pr\u00e9f\u00e9rences.<\/li>\n<\/ul>\n\n\n\n<p>Cela se fait par le biais de cookies de marketing. La dur\u00e9e des cookies est indiqu\u00e9e dans la d\u00e9claration relative aux cookies au bas de la page. Vous pouvez retirer votre consentement \u00e0 l'utilisation de ces donn\u00e9es en supprimant les cookies marketing.<\/p>\n\n\n\n<p><strong>4. Comment le remarketing est-il d\u00e9ploy\u00e9 ?<\/strong><br>Pour r\u00e9engager les utilisateurs avec des offres pertinentes, nous utilisons les services de tiers qui placent des cookies sur notre site. Ces fonctionnalit\u00e9s ne sont activ\u00e9es que si vous avez donn\u00e9 votre consentement \u00e0 l'installation des cookies. Il s'agit des fournisseurs suivants :<\/p>\n\n\n\n<ul class=\"wp-block-list\">\n<li>Facebook Inc, 1601 Willow Road, Menlo Park, CA 94025, USA. Nous l'utilisons \u00e9galement pour montrer des publicit\u00e9s aux utilisateurs qui ont d\u00e9j\u00e0 visit\u00e9 notre site web. Ces publicit\u00e9s sont affich\u00e9es sur Facebook dans la chronologie ou sous forme de petites annonces dans la colonne de droite. Nous vous montrons des informations que vous avez d\u00e9j\u00e0 consult\u00e9es, afin que vous puissiez y donner suite si vous \u00eates toujours int\u00e9ress\u00e9. Les publicit\u00e9s Facebook peuvent \u00eatre d\u00e9sactiv\u00e9es\/cach\u00e9es sur Facebook m\u00eame en cliquant sur l'ic\u00f4ne dans le coin sup\u00e9rieur droit de la publicit\u00e9.<\/li>\n\n\n\n<li>Le remarketing est une fonction de ciblage dans Google AdWords, qui nous permet de diffuser des annonces aux utilisateurs qui ont d\u00e9j\u00e0 visit\u00e9 notre site web. Ces annonces sont plac\u00e9es sur d'autres sites web \u00e0 travers l'internet. Ce faisant, nous vous montrons des informations que vous avez d\u00e9j\u00e0 consult\u00e9es, afin que vous puissiez y donner suite si elles vous int\u00e9ressent toujours.<\/li>\n\n\n\n<li>Les \"audiences similaires\" sont une fonction de ciblage dans Google AdWords, qui nous permet de montrer des annonces \u00e0 des clients potentiels ayant des caract\u00e9ristiques et des int\u00e9r\u00eats similaires \u00e0 ceux des utilisateurs de notre site web. Ces donn\u00e9es sont partag\u00e9es avec des tiers tels que Google.<\/li>\n\n\n\n<li>Instagram Inc, 1 Hacker Way, Menlo Park, CA 94022, \u00c9tats-Unis. Par le biais d'Instagram, nous montrons des publicit\u00e9s aux utilisateurs qui ont d\u00e9j\u00e0 visit\u00e9 notre site web ou vu notre page Facebook. Ces publicit\u00e9s sont affich\u00e9es sur Instagram m\u00eame. Vous pouvez d\u00e9sactiver\/masquer vous-m\u00eame les publicit\u00e9s sur Instagram en cliquant sur l'ic\u00f4ne en haut \u00e0 droite de la publicit\u00e9.<\/li>\n<\/ul>\n\n\n\n<p><strong>5. Droit d'adaptation et de rectification<\/strong><br>Comme le pr\u00e9voit la loi sur la protection de la vie priv\u00e9e, vous pouvez \u00e0 tout moment acc\u00e9der \u00e0 vos donn\u00e9es personnelles et les modifier gratuitement. Vous pouvez le faire en envoyant un courriel \u00e0 info@hempcare.nl.<\/p>\n\n\n\n<p><strong>6. Changements<\/strong><br>Www.hempcare.co.uk se r\u00e9serve le droit de modifier la d\u00e9claration de confidentialit\u00e9 \u00e0 tout moment.<br>La pr\u00e9sente d\u00e9claration de confidentialit\u00e9 a \u00e9t\u00e9 modifi\u00e9e et mise \u00e0 jour pour la derni\u00e8re fois le 5 juillet 2018.<\/p>\n\n\n\n<p><strong>Exclusion de la responsabilit\u00e9<\/strong><br>Toutes les informations contenues dans cette page web sont destin\u00e9es \u00e0 un usage personnel. Aucun droit ne peut \u00eatre tir\u00e9 de ces informations. Sous r\u00e9serve de modifications et de fautes de frappe. Nous mettons tout en \u0153uvre pour que les informations contenues dans cette page web soient aussi compl\u00e8tes et exactes que possible. Www.hempcare.nl d\u00e9cline toute responsabilit\u00e9 pour les dommages caus\u00e9s de quelque mani\u00e8re que ce soit par l'utilisation, l'incompl\u00e9tude ou l'inexactitude des informations fournies sur ce site web.<\/p>\n\n\n\n<p><strong>Disponibilit\u00e9<\/strong><br>Les informations et les recommandations figurant sur ce site web peuvent \u00eatre modifi\u00e9es sans avertissement ou notification pr\u00e9alable. Nous nous effor\u00e7ons de rendre cette page web aussi accessible que possible, mais nous n'acceptons aucune responsabilit\u00e9 pour les cons\u00e9quences d'une indisponibilit\u00e9 (temporaire).<\/p>\n\n\n\n<p><strong>Droits d'auteur et droits de propri\u00e9t\u00e9 intellectuelle<\/strong><br>Le copyright de ce site web appartient \u00e0 Www.hempcare.nl ou \u00e0 des tiers qui ont mis ce mat\u00e9riel (image) \u00e0 la disposition de Www.hempcare.nl avec autorisation. La reproduction sous quelque forme que ce soit n'est autoris\u00e9e qu'apr\u00e8s accord pr\u00e9alable de Www.hempcare.nl.<\/p>","protected":false},"excerpt":{"rendered":"<p>Privacybeleid Deze privacyverklaring beschrijft hoe hempcare alle informatie gebruikt en beschermt die je geeft wanneer je www.hempcare.nl gebruikt. Hempcare zet zich in om jouw privacy te beschermen. Heb je hierna nog vragen? Dan kunnen je ons bereiken via: \u2022 E-mail:&nbsp;info@hempcare.nl PrivacyverklaringU kunt deze website bezoeken zonder ons mee te delen wie u bent of enige [&#8230;]\n","protected":false},"author":1,"featured_media":0,"parent":0,"menu_order":0,"comment_status":"closed","ping_status":"open","template":"","meta":{"footnotes":""},"class_list":["post-3","page","type-page","status-publish","hentry"],"_links":{"self":[{"href":"https:\/\/www.hempcare.nl\/fr\/wp-json\/wp\/v2\/pages\/3","targetHints":{"allow":["GET"]}}],"collection":[{"href":"https:\/\/www.hempcare.nl\/fr\/wp-json\/wp\/v2\/pages"}],"about":[{"href":"https:\/\/www.hempcare.nl\/fr\/wp-json\/wp\/v2\/types\/page"}],"author":[{"embeddable":true,"href":"https:\/\/www.hempcare.nl\/fr\/wp-json\/wp\/v2\/users\/1"}],"replies":[{"embeddable":true,"href":"https:\/\/www.hempcare.nl\/fr\/wp-json\/wp\/v2\/comments?post=3"}],"version-history":[{"count":2,"href":"https:\/\/www.hempcare.nl\/fr\/wp-json\/wp\/v2\/pages\/3\/revisions"}],"predecessor-version":[{"id":1202,"href":"https:\/\/www.hempcare.nl\/fr\/wp-json\/wp\/v2\/pages\/3\/revisions\/1202"}],"wp:attachment":[{"href":"https:\/\/www.hempcare.nl\/fr\/wp-json\/wp\/v2\/media?parent=3"}],"curies":[{"name":"wp","href":"https:\/\/api.w.org\/{rel}","templated":true}]}}