{"id":138,"date":"2013-08-06T20:13:19","date_gmt":"2013-08-06T20:13:19","guid":{"rendered":"http:\/\/localhost:8888\/test\/?page_id=17"},"modified":"2026-01-19T07:31:34","modified_gmt":"2026-01-19T07:31:34","slug":"homepage","status":"publish","type":"page","link":"https:\/\/www.hempcare.nl\/fr\/","title":{"rendered":"Page d'accueil"},"content":{"rendered":"<div class=\"slider-wrapper relative\" id=\"slider-104350304\" >\n    <div class=\"slider slider-nav-circle slider-nav-large slider-nav-light slider-style-normal\"\n        data-flickity-options='{            \"cellAlign\": \"center\",            \"imagesLoaded\": true,            \"lazyLoad\": 1,            \"freeScroll\": false,            \"wrapAround\": true,            \"autoPlay\": 6000,            \"pauseAutoPlayOnHover\" : true,            \"prevNextButtons\": true,            \"contain\" : true,            \"adaptiveHeight\" : true,            \"dragThreshold\" : 10,            \"percentPosition\": true,            \"pageDots\": true,            \"rightToLeft\": false,            \"draggable\": true,            \"selectedAttraction\": 0.1,            \"parallax\" : 0,            \"friction\": 0.6        }'\n        >\n        \n\n\n  <div class=\"banner has-hover\" id=\"banner-907711431\">\n          <div class=\"banner-inner fill\">\n        <div class=\"banner-bg fill\" >\n            <img loading=\"lazy\" decoding=\"async\" width=\"1020\" height=\"681\" src=\"https:\/\/www.hempcare.nl\/wp-content\/uploads\/2025\/07\/CBD-producten.jpg-1199x800.webp\" class=\"bg attachment-large size-large\" alt=\"\" title=\"\">                        <div class=\"overlay\"><\/div>            \n                    <\/div>\n\t\t\n        <div class=\"banner-layers container\">\n            <div class=\"fill banner-link\"><\/div>            \n\n   <div id=\"text-box-332218419\" class=\"text-box banner-layer x5 md-x5 lg-x5 y50 md-y50 lg-y50 res-text\">\n                                <div class=\"text-box-content text dark\">\n              \n              <div class=\"text-inner text-left\">\n                  \n\n<h1>Huile CBD &amp; CBG de Hempcare<\/h1>\n<div class=\"is-divider divider clearfix\" style=\"margin-top:20px;margin-bottom:20px;\"><\/div>\n\n\t<div id=\"text-683179034\" class=\"text\">\n\t\t\n\n<h3>Pour un bien-\u00eatre naturel et une livraison rapide !<\/h3>\n\t\t\n<style>\n#text-683179034 {\n  font-size: 1rem;\n  text-align: left;\n}\n<\/style>\n\t<\/div>\n\t\n<div class=\"is-divider divider clearfix\" style=\"margin-top:4px;margin-bottom:4px;height:1px;background-color:rgba(255, 255, 255, 0);\"><\/div>\n\n<a href=\"https:\/\/www.hempcare.nl\/fr\/hempcare-ruby-10\/\" class=\"button secondary is-larger\" style=\"border-radius:99px;\">\n\t<i class=\"icon-checkmark\" aria-hidden=\"true\"><\/i>\t<span>Voir le best-seller<\/span>\n\t<\/a>\n\n\n\n              <\/div>\n           <\/div>\n                            \n<style>\n#text-box-332218419 {\n  width: 60%;\n}\n#text-box-332218419 .text-box-content {\n  font-size: 100%;\n}\n@media (min-width:550px) {\n  #text-box-332218419 {\n    width: 40%;\n  }\n}\n<\/style>\n    <\/div>\n \n\n        <\/div>\n      <\/div>\n\n            \n<style>\n#banner-907711431 {\n  padding-top: 500px;\n  background-color: rgba(122, 156, 89, 0);\n}\n#banner-907711431 .overlay {\n  background-color: rgba(23, 124, 87, 0.157);\n}\n<\/style>\n  <\/div>\n\n\n\n     <\/div>\n\n     <div class=\"loading-spin dark large centered\"><\/div>\n\n\t<\/div>\n\n\n<div class=\"is-divider divider clearfix\" style=\"margin-top:0px;margin-bottom:0px;max-width:0px;height:70px;\"><\/div>\n\n<div class=\"row row-large imgboxb\"  id=\"row-312418098\">\n\n\n\t<div id=\"col-1345523514\" class=\"col medium-6 small-12 large-6\"  >\n\t\t\t\t<div class=\"col-inner\"  >\n\t\t\t\n\t\t\t\n\n\t<div class=\"box has-hover   has-hover box-text-bottom\" >\n\n\t\t<div class=\"box-image\" style=\"width:80%;\">\n\t\t\t\t\t\t<div class=\"\" >\n\t\t\t\t<img loading=\"lazy\" decoding=\"async\" width=\"1000\" height=\"1000\" src=\"https:\/\/www.hempcare.nl\/wp-content\/uploads\/2025\/02\/Raw-Hempcare-CBD-5-10ml-compleet-front-view.jpg\" class=\"attachment- size-\" alt=\"\" srcset=\"https:\/\/www.hempcare.nl\/wp-content\/uploads\/2025\/02\/Raw-Hempcare-CBD-5-10ml-compleet-front-view.jpg 1000w, https:\/\/www.hempcare.nl\/wp-content\/uploads\/2025\/02\/Raw-Hempcare-CBD-5-10ml-compleet-front-view-400x400.jpg 400w, https:\/\/www.hempcare.nl\/wp-content\/uploads\/2025\/02\/Raw-Hempcare-CBD-5-10ml-compleet-front-view-800x800.jpg 800w, https:\/\/www.hempcare.nl\/wp-content\/uploads\/2025\/02\/Raw-Hempcare-CBD-5-10ml-compleet-front-view-280x280.jpg 280w, https:\/\/www.hempcare.nl\/wp-content\/uploads\/2025\/02\/Raw-Hempcare-CBD-5-10ml-compleet-front-view-768x768.jpg 768w, https:\/\/www.hempcare.nl\/wp-content\/uploads\/2025\/02\/Raw-Hempcare-CBD-5-10ml-compleet-front-view-300x300.jpg 300w, https:\/\/www.hempcare.nl\/wp-content\/uploads\/2025\/02\/Raw-Hempcare-CBD-5-10ml-compleet-front-view-600x600.jpg 600w, https:\/\/www.hempcare.nl\/wp-content\/uploads\/2025\/02\/Raw-Hempcare-CBD-5-10ml-compleet-front-view-100x100.jpg 100w\" sizes=\"auto, (max-width: 1000px) 100vw, 1000px\" title=\"\">\t\t\t\t\t\t\t\t\t\t\t<\/div>\n\t\t\t\t\t<\/div>\n\n\t\t<div class=\"box-text text-center\" >\n\t\t\t<div class=\"box-text-inner\">\n\t\t\t\t\n\n\t<div id=\"text-1608239658\" class=\"text\">\n\t\t\n\n<h3>Hempcare BRUT 5%<\/h3>\n<p>est un excellent produit de base, id\u00e9al pour les utilisateurs novices de CBD.<\/p>\n\t\t\n<style>\n#text-1608239658 {\n  text-align: center;\n}\n<\/style>\n\t<\/div>\n\t\n<a href=\"https:\/\/www.hempcare.nl\/fr\/hempcare-raw-5\/\" class=\"button secondary is-larger\" style=\"border-radius:99px;\">\n\t<i class=\"icon-checkmark\" aria-hidden=\"true\"><\/i>\t<span>Voir le produit<\/span>\n\t<\/a>\n\n\n\n\t\t\t<\/div>\n\t\t<\/div>\n\t<\/div>\n\t\n\n\t\t<\/div>\n\t\t\t\t\t<\/div>\n\n\t\n\n\t<div id=\"col-1175543140\" class=\"col medium-6 small-12 large-6\"  >\n\t\t\t\t<div class=\"col-inner\"  >\n\t\t\t\n\t\t\t\n\n\t<div class=\"box has-hover   has-hover box-text-bottom\" >\n\n\t\t<div class=\"box-image\" style=\"width:80%;\">\n\t\t\t\t\t\t<div class=\"\" >\n\t\t\t\t<img loading=\"lazy\" decoding=\"async\" width=\"1000\" height=\"1000\" src=\"https:\/\/www.hempcare.nl\/wp-content\/uploads\/2025\/07\/Ruby-Hempcare-10-10ml-compleet-front-view.jpg\" class=\"attachment- size-\" alt=\"\" srcset=\"https:\/\/www.hempcare.nl\/wp-content\/uploads\/2025\/07\/Ruby-Hempcare-10-10ml-compleet-front-view.jpg 1000w, https:\/\/www.hempcare.nl\/wp-content\/uploads\/2025\/07\/Ruby-Hempcare-10-10ml-compleet-front-view-400x400.jpg 400w, https:\/\/www.hempcare.nl\/wp-content\/uploads\/2025\/07\/Ruby-Hempcare-10-10ml-compleet-front-view-800x800.jpg 800w, https:\/\/www.hempcare.nl\/wp-content\/uploads\/2025\/07\/Ruby-Hempcare-10-10ml-compleet-front-view-280x280.jpg 280w, https:\/\/www.hempcare.nl\/wp-content\/uploads\/2025\/07\/Ruby-Hempcare-10-10ml-compleet-front-view-768x768.jpg 768w, https:\/\/www.hempcare.nl\/wp-content\/uploads\/2025\/07\/Ruby-Hempcare-10-10ml-compleet-front-view-300x300.jpg 300w, https:\/\/www.hempcare.nl\/wp-content\/uploads\/2025\/07\/Ruby-Hempcare-10-10ml-compleet-front-view-600x600.jpg 600w, https:\/\/www.hempcare.nl\/wp-content\/uploads\/2025\/07\/Ruby-Hempcare-10-10ml-compleet-front-view-100x100.jpg 100w\" sizes=\"auto, (max-width: 1000px) 100vw, 1000px\" title=\"\">\t\t\t\t\t\t\t\t\t\t\t<\/div>\n\t\t\t\t\t<\/div>\n\n\t\t<div class=\"box-text text-center\" style=\"background-color:#ffffff;\">\n\t\t\t<div class=\"box-text-inner\">\n\t\t\t\t\n\n<h3>Hempcare Ruby 10%<\/h3>\n<p>Cette huile est riche en terp\u00e8nes sp\u00e9ciaux qui jouent un r\u00f4le important dans diverses fonctions de l'organisme.<\/p>\n<a href=\"https:\/\/www.hempcare.nl\/fr\/hempcare-ruby-10\/\" class=\"button secondary is-larger\" style=\"border-radius:99px;\">\n\t<i class=\"icon-checkmark\" aria-hidden=\"true\"><\/i>\t<span>Voir le produit<\/span>\n\t<\/a>\n\n\n\n\t\t\t<\/div>\n\t\t<\/div>\n\t<\/div>\n\t\n\n\t\t<\/div>\n\t\t\t\t\t<\/div>\n\n\t\n\n\n<style>\n#row-312418098 > .col > .col-inner {\n  padding: 0px 0px 60px 0px;\n}\n<\/style>\n<\/div>\n<div class=\"is-divider divider clearfix\" style=\"margin-top:0px;margin-bottom:0px;max-width:0px;height:0px;\"><\/div>\n\n<div class=\"row row-large imgboxb\"  id=\"row-901063926\">\n\n\n\t<div id=\"col-1776330915\" class=\"col medium-6 small-12 large-6\"  >\n\t\t\t\t<div class=\"col-inner\"  >\n\t\t\t\n\t\t\t\n\n\t<div class=\"box has-hover   has-hover box-text-bottom\" >\n\n\t\t<div class=\"box-image\" style=\"width:80%;\">\n\t\t\t\t\t\t<div class=\"\" >\n\t\t\t\t<img loading=\"lazy\" decoding=\"async\" width=\"1000\" height=\"1000\" src=\"https:\/\/www.hempcare.nl\/wp-content\/uploads\/2025\/07\/Sport-Hempcare-CBD-10-10ml-compleet-front-view.jpg\" class=\"attachment- size-\" alt=\"\" srcset=\"https:\/\/www.hempcare.nl\/wp-content\/uploads\/2025\/07\/Sport-Hempcare-CBD-10-10ml-compleet-front-view.jpg 1000w, https:\/\/www.hempcare.nl\/wp-content\/uploads\/2025\/07\/Sport-Hempcare-CBD-10-10ml-compleet-front-view-400x400.jpg 400w, https:\/\/www.hempcare.nl\/wp-content\/uploads\/2025\/07\/Sport-Hempcare-CBD-10-10ml-compleet-front-view-800x800.jpg 800w, https:\/\/www.hempcare.nl\/wp-content\/uploads\/2025\/07\/Sport-Hempcare-CBD-10-10ml-compleet-front-view-280x280.jpg 280w, https:\/\/www.hempcare.nl\/wp-content\/uploads\/2025\/07\/Sport-Hempcare-CBD-10-10ml-compleet-front-view-768x768.jpg 768w, https:\/\/www.hempcare.nl\/wp-content\/uploads\/2025\/07\/Sport-Hempcare-CBD-10-10ml-compleet-front-view-300x300.jpg 300w, https:\/\/www.hempcare.nl\/wp-content\/uploads\/2025\/07\/Sport-Hempcare-CBD-10-10ml-compleet-front-view-600x600.jpg 600w, https:\/\/www.hempcare.nl\/wp-content\/uploads\/2025\/07\/Sport-Hempcare-CBD-10-10ml-compleet-front-view-100x100.jpg 100w\" sizes=\"auto, (max-width: 1000px) 100vw, 1000px\" title=\"\">\t\t\t\t\t\t\t\t\t\t\t<\/div>\n\t\t\t\t\t<\/div>\n\n\t\t<div class=\"box-text text-center\" style=\"background-color:#ffffff;\">\n\t\t\t<div class=\"box-text-inner\">\n\t\t\t\t\n\n<h3>Hempcare Sport 10%<\/h3>\n<p>Cette huile de CBD 10% 10ml \u00e0 spectre complet contient plusieurs terp\u00e8nes de la famille du CBD en plus du meilleur CBD. Cela rend Hempcare CBD SPORT tr\u00e8s int\u00e9ressant pour les amateurs de sport.<\/p>\n<a href=\"https:\/\/www.hempcare.nl\/fr\/hempcare-sport-10\/\" class=\"button secondary is-larger\" style=\"border-radius:99px;\">\n\t<i class=\"icon-checkmark\" aria-hidden=\"true\"><\/i>\t<span>Voir le produit<\/span>\n\t<\/a>\n\n\n\n\t\t\t<\/div>\n\t\t<\/div>\n\t<\/div>\n\t\n\n\t\t<\/div>\n\t\t\t\t\t<\/div>\n\n\t\n\n\t<div id=\"col-48849178\" class=\"col medium-6 small-12 large-6\"  >\n\t\t\t\t<div class=\"col-inner\"  >\n\t\t\t\n\t\t\t\n\n\t<div class=\"box has-hover   has-hover box-text-bottom\" >\n\n\t\t<div class=\"box-image\" style=\"width:80%;\">\n\t\t\t\t\t\t<div class=\"\" >\n\t\t\t\t<img loading=\"lazy\" decoding=\"async\" width=\"1000\" height=\"1000\" src=\"https:\/\/www.hempcare.nl\/wp-content\/uploads\/2025\/07\/Sleep-Hempcare-CBG-10-10ml-compleet-front-view.jpg\" class=\"attachment- size-\" alt=\"\" srcset=\"https:\/\/www.hempcare.nl\/wp-content\/uploads\/2025\/07\/Sleep-Hempcare-CBG-10-10ml-compleet-front-view.jpg 1000w, https:\/\/www.hempcare.nl\/wp-content\/uploads\/2025\/07\/Sleep-Hempcare-CBG-10-10ml-compleet-front-view-400x400.jpg 400w, https:\/\/www.hempcare.nl\/wp-content\/uploads\/2025\/07\/Sleep-Hempcare-CBG-10-10ml-compleet-front-view-800x800.jpg 800w, https:\/\/www.hempcare.nl\/wp-content\/uploads\/2025\/07\/Sleep-Hempcare-CBG-10-10ml-compleet-front-view-280x280.jpg 280w, https:\/\/www.hempcare.nl\/wp-content\/uploads\/2025\/07\/Sleep-Hempcare-CBG-10-10ml-compleet-front-view-768x768.jpg 768w, https:\/\/www.hempcare.nl\/wp-content\/uploads\/2025\/07\/Sleep-Hempcare-CBG-10-10ml-compleet-front-view-300x300.jpg 300w, https:\/\/www.hempcare.nl\/wp-content\/uploads\/2025\/07\/Sleep-Hempcare-CBG-10-10ml-compleet-front-view-600x600.jpg 600w, https:\/\/www.hempcare.nl\/wp-content\/uploads\/2025\/07\/Sleep-Hempcare-CBG-10-10ml-compleet-front-view-100x100.jpg 100w\" sizes=\"auto, (max-width: 1000px) 100vw, 1000px\" title=\"\">\t\t\t\t\t\t\t\t\t\t\t<\/div>\n\t\t\t\t\t<\/div>\n\n\t\t<div class=\"box-text text-center\" >\n\t\t\t<div class=\"box-text-inner\">\n\t\t\t\t\n\n<h3>Hempcare Sleep 10%<\/h3>\n<p>Il s'agit de l'un des produits les plus populaires de la gamme. En effet, il contient une formule efficace de divers cannabino\u00efdes, terp\u00e8nes, acides gras om\u00e9ga et antioxydants.<\/p>\n<a href=\"https:\/\/www.hempcare.nl\/fr\/hempcare-sleep-10\/\" class=\"button secondary is-larger\" style=\"border-radius:99px;\">\n\t<i class=\"icon-checkmark\" aria-hidden=\"true\"><\/i>\t<span>Voir le produit<\/span>\n\t<\/a>\n\n\n\n\t\t\t<\/div>\n\t\t<\/div>\n\t<\/div>\n\t\n\n\t\t<\/div>\n\t\t\t\t\t<\/div>\n\n\t\n\n\n<style>\n#row-901063926 > .col > .col-inner {\n  padding: 0px 0px 60px 0px;\n}\n<\/style>\n<\/div>\n<div class=\"is-divider divider clearfix\" style=\"margin-top:0px;margin-bottom:0px;max-width:0px;height:40px;\"><\/div>\n\n\n\t<section class=\"section\" id=\"section_1665237499\">\n\t\t<div class=\"section-bg fill\" >\n\t\t\t\t\t\t\t\t\t\n\t\t\t\n\n\t\t<\/div>\n\n\t\t\n\n\t\t<div class=\"section-content relative\">\n\t\t\t\n\n<div class=\"row row-collapse row-full-width align-middle\"  id=\"row-643462397\">\n\n\n\t<div id=\"col-1005984150\" class=\"col medium-6 small-12 large-6\"  >\n\t\t\t\t<div class=\"col-inner\"  >\n\t\t\t\n\t\t\t\n\n\t<div class=\"img has-hover x md-x lg-x y md-y lg-y\" id=\"image_1374457899\">\n\t\t\t\t\t\t\t\t<div class=\"img-inner dark\" >\n\t\t\t<img loading=\"lazy\" decoding=\"async\" width=\"1020\" height=\"680\" src=\"https:\/\/www.hempcare.nl\/wp-content\/uploads\/2025\/07\/Hempcare_01-1200x800.jpg\" class=\"attachment-large size-large\" alt=\"\" srcset=\"https:\/\/www.hempcare.nl\/wp-content\/uploads\/2025\/07\/Hempcare_01-1200x800.jpg 1200w, https:\/\/www.hempcare.nl\/wp-content\/uploads\/2025\/07\/Hempcare_01-600x400.jpg 600w, https:\/\/www.hempcare.nl\/wp-content\/uploads\/2025\/07\/Hempcare_01-768x512.jpg 768w, https:\/\/www.hempcare.nl\/wp-content\/uploads\/2025\/07\/Hempcare_01-1536x1024.jpg 1536w, https:\/\/www.hempcare.nl\/wp-content\/uploads\/2025\/07\/Hempcare_01.jpg 1563w\" sizes=\"auto, (max-width: 1020px) 100vw, 1020px\" title=\"\">\t\t\t\t\t\t\n\t\t\t\t\t<\/div>\n\t\t\t\t\t\t\t\t\n<style>\n#image_1374457899 {\n  width: 100%;\n}\n<\/style>\n\t<\/div>\n\t\n\n\n\t\t<\/div>\n\t\t\t\t\t<\/div>\n\n\t\n\n\t<div id=\"col-240151925\" class=\"col medium-6 small-12 large-6\"  >\n\t\t\t\t<div class=\"col-inner text-center\"  >\n\t\t\t\n\t\t\t\n\n\t<div id=\"text-1711130301\" class=\"text\">\n\t\t\n\n<h2 dir=\"auto\">Hempcare Sleep : CBD et CBG puissants pour une tranquillit\u00e9 ultime<\/h2>\n<p>\u2713 Formule unique 10% CBD + 10% CBG pour un puissant effet d'entourage.<\/p>\n<p>\u2713 100% naturel, bio et enrichi en B\u00eata-caryophyll\u00e8ne pour une relaxation profonde.<\/p>\n<p>\u2713 Facile \u00e0 doser avec l'huile de chanvre, id\u00e9ale pour une nuit r\u00e9paratrice.<\/p>\n\t\t\n<style>\n#text-1711130301 {\n  text-align: left;\n  color: #ffffff;\n}\n#text-1711130301 > * {\n  color: #ffffff;\n}\n<\/style>\n\t<\/div>\n\t\n<a href=\"https:\/\/www.hempcare.nl\/fr\/hempcare-sleep-10\/\" class=\"button secondary is-larger\" style=\"border-radius:99px;\">\n\t<i class=\"icon-checkmark\" aria-hidden=\"true\"><\/i>\t<span>Voir le produit<\/span>\n\t<\/a>\n\n\n\n\t\t<\/div>\n\t\t\t\t\n<style>\n#col-240151925 > .col-inner {\n  padding: 10% 0px 10% 10%;\n  max-width: 520px;\n}\n<\/style>\n\t<\/div>\n\n\t\n\n<\/div>\n\n\t\t<\/div>\n\n\t\t\n<style>\n#section_1665237499 {\n  padding-top: 0px;\n  padding-bottom: 0px;\n  background-color: #187c58;\n}\n<\/style>\n\t<\/section>\n\t\n<div class=\"is-divider divider clearfix\" style=\"margin-top:0px;margin-bottom:0px;max-width:0px;height:70px;\"><\/div>\n\n<div class=\"row row-large imgboxb\"  id=\"row-522702130\">\n\n\n\t<div id=\"col-747765785\" class=\"col medium-6 small-12 large-6\"  >\n\t\t\t\t<div class=\"col-inner\"  >\n\t\t\t\n\t\t\t\n\n\t<div class=\"box has-hover   has-hover box-text-bottom\" >\n\n\t\t<div class=\"box-image\" style=\"width:80%;\">\n\t\t\t\t\t\t<div class=\"\" >\n\t\t\t\t<img loading=\"lazy\" decoding=\"async\" width=\"1000\" height=\"1000\" src=\"https:\/\/www.hempcare.nl\/wp-content\/uploads\/2025\/07\/Pearlcaps-CBD-5MG-capsules-Hempcare-compleet.jpg\" class=\"attachment- size-\" alt=\"\" srcset=\"https:\/\/www.hempcare.nl\/wp-content\/uploads\/2025\/07\/Pearlcaps-CBD-5MG-capsules-Hempcare-compleet.jpg 1000w, https:\/\/www.hempcare.nl\/wp-content\/uploads\/2025\/07\/Pearlcaps-CBD-5MG-capsules-Hempcare-compleet-400x400.jpg 400w, https:\/\/www.hempcare.nl\/wp-content\/uploads\/2025\/07\/Pearlcaps-CBD-5MG-capsules-Hempcare-compleet-800x800.jpg 800w, https:\/\/www.hempcare.nl\/wp-content\/uploads\/2025\/07\/Pearlcaps-CBD-5MG-capsules-Hempcare-compleet-280x280.jpg 280w, https:\/\/www.hempcare.nl\/wp-content\/uploads\/2025\/07\/Pearlcaps-CBD-5MG-capsules-Hempcare-compleet-768x768.jpg 768w, https:\/\/www.hempcare.nl\/wp-content\/uploads\/2025\/07\/Pearlcaps-CBD-5MG-capsules-Hempcare-compleet-300x300.jpg 300w, https:\/\/www.hempcare.nl\/wp-content\/uploads\/2025\/07\/Pearlcaps-CBD-5MG-capsules-Hempcare-compleet-600x600.jpg 600w, https:\/\/www.hempcare.nl\/wp-content\/uploads\/2025\/07\/Pearlcaps-CBD-5MG-capsules-Hempcare-compleet-100x100.jpg 100w\" sizes=\"auto, (max-width: 1000px) 100vw, 1000px\" title=\"\">\t\t\t\t\t\t\t\t\t\t\t<\/div>\n\t\t\t\t\t<\/div>\n\n\t\t<div class=\"box-text text-center\" >\n\t\t\t<div class=\"box-text-inner\">\n\t\t\t\t\n\n<h3>Hempcare Capsules RAW 5%<\/h3>\n<p>Ils sont remplis d'huile de CBD Hempcare 5% RAW. Elle contient du cannabidiol et d'autres cannabino\u00efdes, ainsi que des flavono\u00efdes, des terp\u00e8nes et des ph\u00e9nols. Ces capsules de CBD ne contiennent pas de THC !<\/p>\n<a href=\"https:\/\/www.hempcare.nl\/fr\/hempcare-raw-cbd-capsules-5\/\" class=\"button secondary is-larger\" style=\"border-radius:99px;\">\n\t<i class=\"icon-checkmark\" aria-hidden=\"true\"><\/i>\t<span>Voir le produit<\/span>\n\t<\/a>\n\n\n\n\t\t\t<\/div>\n\t\t<\/div>\n\t<\/div>\n\t\n\n\t\t<\/div>\n\t\t\t\t\t<\/div>\n\n\t\n\n\n<style>\n#row-522702130 > .col > .col-inner {\n  padding: 0px 0px 60px 0px;\n}\n<\/style>\n<\/div>\n<div class=\"is-divider divider clearfix\" style=\"margin-top:0px;margin-bottom:0px;max-width:0px;height:60px;\"><\/div>","protected":false},"excerpt":{"rendered":"","protected":false},"author":2,"featured_media":1085,"parent":0,"menu_order":1,"comment_status":"closed","ping_status":"closed","template":"page-blank.php","meta":{"footnotes":""},"class_list":["post-138","page","type-page","status-publish","has-post-thumbnail","hentry"],"_links":{"self":[{"href":"https:\/\/www.hempcare.nl\/fr\/wp-json\/wp\/v2\/pages\/138","targetHints":{"allow":["GET"]}}],"collection":[{"href":"https:\/\/www.hempcare.nl\/fr\/wp-json\/wp\/v2\/pages"}],"about":[{"href":"https:\/\/www.hempcare.nl\/fr\/wp-json\/wp\/v2\/types\/page"}],"author":[{"embeddable":true,"href":"https:\/\/www.hempcare.nl\/fr\/wp-json\/wp\/v2\/users\/2"}],"replies":[{"embeddable":true,"href":"https:\/\/www.hempcare.nl\/fr\/wp-json\/wp\/v2\/comments?post=138"}],"version-history":[{"count":99,"href":"https:\/\/www.hempcare.nl\/fr\/wp-json\/wp\/v2\/pages\/138\/revisions"}],"predecessor-version":[{"id":1246,"href":"https:\/\/www.hempcare.nl\/fr\/wp-json\/wp\/v2\/pages\/138\/revisions\/1246"}],"wp:featuredmedia":[{"embeddable":true,"href":"https:\/\/www.hempcare.nl\/fr\/wp-json\/wp\/v2\/media\/1085"}],"wp:attachment":[{"href":"https:\/\/www.hempcare.nl\/fr\/wp-json\/wp\/v2\/media?parent=138"}],"curies":[{"name":"wp","href":"https:\/\/api.w.org\/{rel}","templated":true}]}}