{"id":1088,"date":"2025-07-24T08:01:47","date_gmt":"2025-07-24T08:01:47","guid":{"rendered":"https:\/\/www.hempcare.nl\/?page_id=1088"},"modified":"2026-03-17T12:36:47","modified_gmt":"2026-03-17T12:36:47","slug":"contact","status":"publish","type":"page","link":"https:\/\/www.hempcare.nl\/fr\/contact\/","title":{"rendered":"Contact"},"content":{"rendered":"<section class=\"section\" id=\"section_1660208523\">\n\t\t<div class=\"section-bg fill\" >\n\t\t\t\t\t\t\t\t\t<div class=\"section-bg-overlay absolute fill\"><\/div>\n\t\t\t\n\n\t\t<\/div>\n\n\t\t\n\n\t\t<div class=\"section-content relative\">\n\t\t\t\n\n<div class=\"row\"  id=\"row-233650868\">\n\n\n\t<div id=\"col-1970700899\" class=\"col small-12 large-12\"  >\n\t\t\t\t<div class=\"col-inner\"  >\n\t\t\t\n\t\t\t\n\n\t<div id=\"text-1506711345\" class=\"text\">\n\t\t\n\n<p>\u00a0<\/p>\n<h1>Contactez nous<br \/>\n<\/h1>\n<p>Vous avez une question, un conseil ou un souhait ? N'h\u00e9sitez pas \u00e0 nous contacter. Il est important pour nous que vous profitiez pleinement de nos produits. Nous sommes joignables les jours ouvrables entre 08h30 et 17h00 et nous nous effor\u00e7ons de r\u00e9pondre \u00e0 votre question dans un d\u00e9lai d'un jour ouvrable.\n<\/p>\n\t\t\n<style>\n#text-1506711345 {\n  text-align: left;\n}\n<\/style>\n\t<\/div>\n\t\n<div class=\"row\"  id=\"row-1901410967\">\n\n\n\t<div id=\"col-1692753326\" class=\"col medium-6 small-12 large-6\"  >\n\t\t\t\t<div class=\"col-inner\"  >\n\t\t\t\n\t\t\t\n\n\n\t\t<div class=\"icon-box featured-box icon-box-left text-left\"  >\n\t\t\t\t\t<div class=\"icon-box-img\" style=\"width: 60px\">\n\t\t\t\t<div class=\"icon\">\n\t\t\t\t\t<div class=\"icon-inner\" >\n\t\t\t\t\t\t<img loading=\"lazy\" decoding=\"async\" width=\"400\" height=\"400\" src=\"https:\/\/www.hempcare.nl\/wp-content\/uploads\/2025\/07\/hempcare_icon_mail-400x400.png\" class=\"attachment-medium size-medium\" alt=\"\" srcset=\"https:\/\/www.hempcare.nl\/wp-content\/uploads\/2025\/07\/hempcare_icon_mail-400x400.png 400w, https:\/\/www.hempcare.nl\/wp-content\/uploads\/2025\/07\/hempcare_icon_mail-280x280.png 280w, https:\/\/www.hempcare.nl\/wp-content\/uploads\/2025\/07\/hempcare_icon_mail-300x300.png 300w, https:\/\/www.hempcare.nl\/wp-content\/uploads\/2025\/07\/hempcare_icon_mail-100x100.png 100w, https:\/\/www.hempcare.nl\/wp-content\/uploads\/2025\/07\/hempcare_icon_mail.png 512w\" sizes=\"auto, (max-width: 400px) 100vw, 400px\" title=\"\">\t\t\t\t\t<\/div>\n\t\t\t\t<\/div>\n\t\t\t<\/div>\n\t\t\t\t<div class=\"icon-box-text last-reset\">\n\t\t\t\t\t\t\t\t\t\n\n\t<div id=\"text-179194810\" class=\"text\">\n\t\t\n\n<h3>info@hempcare.nl<\/h3>\n\t\t\n<style>\n#text-179194810 {\n  line-height: 3;\n  text-align: left;\n}\n<\/style>\n\t<\/div>\n\t\n\n\t\t<\/div>\n\t<\/div>\n\t\n\t\n\n\t\t<\/div>\n\t\t\t\t\t<\/div>\n\n\t\n\n\t<div id=\"col-1806789913\" class=\"col medium-6 small-12 large-6\"  >\n\t\t\t\t<div class=\"col-inner\"  >\n\t\t\t\n\t\t\t\n\n\n\t\t<div class=\"icon-box featured-box icon-box-left text-left\"  >\n\t\t\t\t\t<div class=\"icon-box-img\" style=\"width: 60px\">\n\t\t\t\t<div class=\"icon\">\n\t\t\t\t\t<div class=\"icon-inner\" >\n\t\t\t\t\t\t<img loading=\"lazy\" decoding=\"async\" width=\"400\" height=\"400\" src=\"https:\/\/www.hempcare.nl\/wp-content\/uploads\/2025\/07\/Hempcare_telefoon_icon-400x400.png\" class=\"attachment-medium size-medium\" alt=\"\" srcset=\"https:\/\/www.hempcare.nl\/wp-content\/uploads\/2025\/07\/Hempcare_telefoon_icon-400x400.png 400w, https:\/\/www.hempcare.nl\/wp-content\/uploads\/2025\/07\/Hempcare_telefoon_icon-280x280.png 280w, https:\/\/www.hempcare.nl\/wp-content\/uploads\/2025\/07\/Hempcare_telefoon_icon-300x300.png 300w, https:\/\/www.hempcare.nl\/wp-content\/uploads\/2025\/07\/Hempcare_telefoon_icon-100x100.png 100w, https:\/\/www.hempcare.nl\/wp-content\/uploads\/2025\/07\/Hempcare_telefoon_icon.png 512w\" sizes=\"auto, (max-width: 400px) 100vw, 400px\" title=\"\">\t\t\t\t\t<\/div>\n\t\t\t\t<\/div>\n\t\t\t<\/div>\n\t\t\t\t<div class=\"icon-box-text last-reset\">\n\t\t\t\t\t\t\t\t\t\n\n\t<div id=\"text-4068992502\" class=\"text\">\n\t\t\n\n<h3>+31 (0)85 773 60 68<\/h3>\n\t\t\n<style>\n#text-4068992502 {\n  line-height: 3;\n  text-align: left;\n}\n<\/style>\n\t<\/div>\n\t\n\n\t\t<\/div>\n\t<\/div>\n\t\n\t\n\n\t\t<\/div>\n\t\t\t\t\t<\/div>\n\n\t\n\n<\/div>\n\n\t\t<\/div>\n\t\t\t\t\t<\/div>\n\n\t\n\n<\/div>\n\n\t\t<\/div>\n\n\t\t\n<style>\n#section_1660208523 {\n  padding-top: 0px;\n  padding-bottom: 0px;\n  background-color: rgb(247, 247, 247);\n}\n#section_1660208523 .section-bg-overlay {\n  background-color: rgba(255, 255, 255, 0.85);\n}\n<\/style>\n\t<\/section>\n\t\n<div class=\"row\"  id=\"row-684675855\">\n\n\n\t<div id=\"col-968464130\" class=\"col medium-7 small-12 large-7\"  >\n\t\t\t\t<div class=\"col-inner\"  >\n\t\t\t\n\t\t\t\n\n<div class=\"container section-title-container\" ><h4 class=\"section-title section-title-normal\"><b aria-hidden=\"true\"><\/b><span class=\"section-title-main\" >Envoyer un message<\/span><b aria-hidden=\"true\"><\/b><\/h4><\/div>\n\n\n<div class=\"wpcf7 no-js\" id=\"wpcf7-f45-o1\" lang=\"nl-NL\" dir=\"ltr\" data-wpcf7-id=\"45\">\n<div class=\"screen-reader-response\"><p role=\"status\" aria-live=\"polite\" aria-atomic=\"true\"><\/p> <ul><\/ul><\/div>\n<form action=\"\/fr\/wp-json\/wp\/v2\/pages\/1088#wpcf7-f45-o1\" method=\"post\" class=\"wpcf7-form init\" aria-label=\"Contactformulier\" novalidate=\"novalidate\" data-status=\"init\" data-trp-original-action=\"\/fr\/wp-json\/wp\/v2\/pages\/1088#wpcf7-f45-o1\">\n<fieldset class=\"hidden-fields-container\"><input type=\"hidden\" name=\"_wpcf7\" value=\"45\" \/><input type=\"hidden\" name=\"_wpcf7_version\" value=\"6.1.5\" \/><input type=\"hidden\" name=\"_wpcf7_locale\" value=\"nl_NL\" \/><input type=\"hidden\" name=\"_wpcf7_unit_tag\" value=\"wpcf7-f45-o1\" \/><input type=\"hidden\" name=\"_wpcf7_container_post\" value=\"0\" \/><input type=\"hidden\" name=\"_wpcf7_posted_data_hash\" value=\"\" \/><input type=\"hidden\" name=\"_wpcf7_recaptcha_response\" value=\"\" \/>\n<\/fieldset>\n<p><label> Nom<br \/>\n<span class=\"wpcf7-form-control-wrap\" data-name=\"your-name\"><input size=\"40\" maxlength=\"400\" class=\"wpcf7-form-control wpcf7-text wpcf7-validates-as-required\" autocomplete=\"name\" aria-required=\"true\" aria-invalid=\"false\" value=\"\" type=\"text\" name=\"your-name\" \/><\/span> <\/label>\n<\/p>\n<p><label> Courriel<br \/>\n<span class=\"wpcf7-form-control-wrap\" data-name=\"your-email\"><input size=\"40\" maxlength=\"400\" class=\"wpcf7-form-control wpcf7-email wpcf7-validates-as-required wpcf7-text wpcf7-validates-as-email\" autocomplete=\"email\" aria-required=\"true\" aria-invalid=\"false\" value=\"\" type=\"email\" name=\"your-email\" \/><\/span> <\/label>\n<\/p>\n<p><label> Sujet<br \/>\n<span class=\"wpcf7-form-control-wrap\" data-name=\"your-subject\"><input size=\"40\" maxlength=\"400\" class=\"wpcf7-form-control wpcf7-text wpcf7-validates-as-required\" aria-required=\"true\" aria-invalid=\"false\" value=\"\" type=\"text\" name=\"your-subject\" \/><\/span> <\/label>\n<\/p>\n<p><label> Message<br \/>\n<span class=\"wpcf7-form-control-wrap\" data-name=\"your-message\"><textarea cols=\"40\" rows=\"10\" maxlength=\"2000\" class=\"wpcf7-form-control wpcf7-textarea\" aria-invalid=\"false\" name=\"your-message\"><\/textarea><\/span> <\/label>\n<\/p>\n<p><input class=\"wpcf7-form-control wpcf7-submit has-spinner\" type=\"submit\" value=\"Exp\u00e9dition\" \/>\n<\/p><div class=\"wpcf7-response-output\" aria-hidden=\"true\"><\/div>\n<input type=\"hidden\" name=\"trp-form-language\" value=\"fr\"\/><\/form>\n<\/div>\n\n\n\n\t\t<\/div>\n\t\t\t\t\t<\/div>\n\n\t\n\n\t<div id=\"col-1606782628\" class=\"col medium-5 small-12 large-5\"  >\n\t\t\t\t<div class=\"col-inner\"  >\n\t\t\t\n\t\t\t\n\n\t<div class=\"img has-hover x md-x lg-x y md-y lg-y\" id=\"image_820811683\">\n\t\t\t\t\t\t\t\t<div class=\"img-inner dark\" >\n\t\t\t<img loading=\"lazy\" decoding=\"async\" width=\"800\" height=\"800\" src=\"https:\/\/www.hempcare.nl\/wp-content\/uploads\/2025\/07\/rectangle-copy@3x.png-1-800x800.webp\" class=\"attachment-large size-large\" alt=\"\" srcset=\"https:\/\/www.hempcare.nl\/wp-content\/uploads\/2025\/07\/rectangle-copy@3x.png-1-800x800.webp 800w, https:\/\/www.hempcare.nl\/wp-content\/uploads\/2025\/07\/rectangle-copy@3x.png-1-400x400.webp 400w, https:\/\/www.hempcare.nl\/wp-content\/uploads\/2025\/07\/rectangle-copy@3x.png-1-280x280.webp 280w, https:\/\/www.hempcare.nl\/wp-content\/uploads\/2025\/07\/rectangle-copy@3x.png-1-768x768.webp 768w, https:\/\/www.hempcare.nl\/wp-content\/uploads\/2025\/07\/rectangle-copy@3x.png-1-1536x1536.webp 1536w, https:\/\/www.hempcare.nl\/wp-content\/uploads\/2025\/07\/rectangle-copy@3x.png-1-300x300.webp 300w, https:\/\/www.hempcare.nl\/wp-content\/uploads\/2025\/07\/rectangle-copy@3x.png-1-600x600.webp 600w, https:\/\/www.hempcare.nl\/wp-content\/uploads\/2025\/07\/rectangle-copy@3x.png-1-100x100.webp 100w, https:\/\/www.hempcare.nl\/wp-content\/uploads\/2025\/07\/rectangle-copy@3x.png-1.webp 1614w\" sizes=\"auto, (max-width: 800px) 100vw, 800px\" title=\"\">\t\t\t\t\t\t\n\t\t\t\t\t<\/div>\n\t\t\t\t\t\t\t\t\n<style>\n#image_820811683 {\n  width: 100%;\n}\n<\/style>\n\t<\/div>\n\t\n\n\n\t\t<\/div>\n\t\t\t\t\t<\/div>\n\n\t\n\n<\/div>","protected":false},"excerpt":{"rendered":"","protected":false},"author":3,"featured_media":0,"parent":0,"menu_order":0,"comment_status":"closed","ping_status":"closed","template":"","meta":{"footnotes":""},"class_list":["post-1088","page","type-page","status-publish","hentry"],"_links":{"self":[{"href":"https:\/\/www.hempcare.nl\/fr\/wp-json\/wp\/v2\/pages\/1088","targetHints":{"allow":["GET"]}}],"collection":[{"href":"https:\/\/www.hempcare.nl\/fr\/wp-json\/wp\/v2\/pages"}],"about":[{"href":"https:\/\/www.hempcare.nl\/fr\/wp-json\/wp\/v2\/types\/page"}],"author":[{"embeddable":true,"href":"https:\/\/www.hempcare.nl\/fr\/wp-json\/wp\/v2\/users\/3"}],"replies":[{"embeddable":true,"href":"https:\/\/www.hempcare.nl\/fr\/wp-json\/wp\/v2\/comments?post=1088"}],"version-history":[{"count":6,"href":"https:\/\/www.hempcare.nl\/fr\/wp-json\/wp\/v2\/pages\/1088\/revisions"}],"predecessor-version":[{"id":1257,"href":"https:\/\/www.hempcare.nl\/fr\/wp-json\/wp\/v2\/pages\/1088\/revisions\/1257"}],"wp:attachment":[{"href":"https:\/\/www.hempcare.nl\/fr\/wp-json\/wp\/v2\/media?parent=1088"}],"curies":[{"name":"wp","href":"https:\/\/api.w.org\/{rel}","templated":true}]}}