{"id":889,"date":"2025-07-10T07:14:02","date_gmt":"2025-07-10T07:14:02","guid":{"rendered":"https:\/\/www.hempcare.nl\/?post_type=product&#038;p=889"},"modified":"2025-08-11T10:00:47","modified_gmt":"2025-08-11T10:00:47","slug":"hanfcare-roh-cbd-kapseln-5","status":"publish","type":"product","link":"https:\/\/www.hempcare.nl\/de\/hempcare-raw-cbd-capsules-5\/","title":{"rendered":"Hempcare RAW CBD-Kapseln 5%"},"content":{"rendered":"<div class=\"wpb_text_column wpb_content_element\">\n<div class=\"wpb_wrapper\">\n<p>Hempcare CBD-Kapseln enthalten nur das Beste, was die Natur zu bieten hat. Daher k\u00f6nnen sie sicher und weithin als Nahrungserg\u00e4nzungsmittel verwendet werden.<\/p>\n<p>Die 100% nat\u00fcrlichen Hempcare CBD-Kapseln enthalten Hanfsamen\u00f6l und Hanfextrakt, der rohes CBD enth\u00e4lt. Dies hilft, den K\u00f6rper aufzubauen, zu reparieren und zu unterst\u00fctzen.<\/p>\n<p>Alle wesentlichen nat\u00fcrlichen Bestandteile der Hanfpflanze sind in diesem Produkt enthalten.<\/p>\n<p>Die nat\u00fcrliche Softgel-Kapsel 100% wird aus pflanzlichen Eiproteinen hergestellt und l\u00f6st sich im Magen auf, wodurch die Cannabinoide und andere Substanzen freigesetzt werden. Die Einnahme von 1 Kapsel entspricht etwa 3 Tropfen Hempcare RAW 5%. Ein Vorteil einer CBD-Kapsel gegen\u00fcber CBD-Kristallen oder CBD-\u00d6l ist, dass Geruch und Geschmack keine Rolle spielen. Auf diese Weise ist es einfacher, eine t\u00e4gliche Dosis CBD zu sich zu nehmen!<\/p>\n<p>Sie bevorzugen CBD in Pulver- oder \u00d6lform? Dann werfen Sie einen Blick auf unsere anderen CBD-Produkte!<\/p>\n<h2>Vorteile von CBD-Kapseln:<\/h2>\n<ul>\n<li>90 Kapseln pro Dose<\/li>\n<li>Leicht zu nehmen<\/li>\n<li>Enth\u00e4lt unbehandeltes RAW 5% CBD-\u00d6l<\/li>\n<li>100% nat\u00fcrlich und biologisch<\/li>\n<li>100% reines \u00d6l, nicht gereinigt, extrahiert oder gefiltert<\/li>\n<li>Eine Kapsel enth\u00e4lt 3 Tropfen Hempcare RAW 5% CBD-\u00d6l<\/li>\n<\/ul>\n<h2>Verwenden Sie<\/h2>\n<p>Nehmen Sie 1 Kapsel einmal t\u00e4glich mit Wasser ein. Falls gew\u00fcnscht, kann die Dosierung auf bis zu 4 Kapseln pro Tag erh\u00f6ht werden. \u00dcberschreiten Sie diese Menge nicht.<\/p>\n<p>Nehmen Sie nicht mehr als 160 mg CBD t\u00e4glich ein.<\/p>\n<h2>Inhaltsstoffe<\/h2>\n<ul>\n<li>450MG CBD (Cannabidiol)<\/li>\n<li>50% Hanf-Extrakt<\/li>\n<li>50% Hanfsamen\u00f6l<\/li>\n<li>Gelatine (pflanzlich)<\/li>\n<li>Glycerin (pflanzlich)<\/li>\n<\/ul>\n<p>Dieses Produkt enth\u00e4lt kein THC.<\/p>\n<\/div>\n<\/div>","protected":false},"excerpt":{"rendered":"<p>Die Hempcare CBD Kapseln sind mit Hempcare 5% RAW CBD \u00d6l gef\u00fcllt. Es enth\u00e4lt sowohl Cannabidiol als auch andere Cannabinoide, sowie Flavonoide, Terpene und Phenole. Diese CBD-Kapseln enthalten kein THC!<\/p>","protected":false},"featured_media":895,"template":"","meta":[],"product_brand":[],"product_cat":[16],"product_tag":[],"class_list":{"0":"post-889","1":"product","2":"type-product","3":"status-publish","4":"has-post-thumbnail","6":"product_cat-cbd","8":"first","9":"instock","10":"taxable","11":"shipping-taxable","12":"purchasable","13":"product-type-variable","14":"has-default-attributes"},"_links":{"self":[{"href":"https:\/\/www.hempcare.nl\/de\/wp-json\/wp\/v2\/product\/889","targetHints":{"allow":["GET"]}}],"collection":[{"href":"https:\/\/www.hempcare.nl\/de\/wp-json\/wp\/v2\/product"}],"about":[{"href":"https:\/\/www.hempcare.nl\/de\/wp-json\/wp\/v2\/types\/product"}],"wp:featuredmedia":[{"embeddable":true,"href":"https:\/\/www.hempcare.nl\/de\/wp-json\/wp\/v2\/media\/895"}],"wp:attachment":[{"href":"https:\/\/www.hempcare.nl\/de\/wp-json\/wp\/v2\/media?parent=889"}],"wp:term":[{"taxonomy":"product_brand","embeddable":true,"href":"https:\/\/www.hempcare.nl\/de\/wp-json\/wp\/v2\/product_brand?post=889"},{"taxonomy":"product_cat","embeddable":true,"href":"https:\/\/www.hempcare.nl\/de\/wp-json\/wp\/v2\/product_cat?post=889"},{"taxonomy":"product_tag","embeddable":true,"href":"https:\/\/www.hempcare.nl\/de\/wp-json\/wp\/v2\/product_tag?post=889"}],"curies":[{"name":"wp","href":"https:\/\/api.w.org\/{rel}","templated":true}]}}