{"id":884,"date":"2025-07-10T07:12:44","date_gmt":"2025-07-10T07:12:44","guid":{"rendered":"https:\/\/www.hempcare.nl\/?post_type=product&#038;p=884"},"modified":"2026-04-14T14:35:01","modified_gmt":"2026-04-14T14:35:01","slug":"hanfpflege-schlaf-10","status":"publish","type":"product","link":"https:\/\/www.hempcare.nl\/de\/hempcare-sleep-10\/","title":{"rendered":"Hempcare Sleep 10%"},"content":{"rendered":"<div class=\"wpb_text_column wpb_content_element\">\n<div class=\"wpb_wrapper\">\n<p>Hempcare Sleep enth\u00e4lt nicht nur 10% CBD, sondern ist auch mit bis zu 10% CBG angereichert.<\/p>\n<p>Cannabigerol, wie CBG lange Zeit genannt wird, gilt als das Mutter-Cannabinoid. Es ist die Vorstufe der anderen Cannabinoide und hat besondere Wirkungen. Diese Substanz ist schwieriger zu extrahieren als CBD und ist daher weniger verbreitet. Aber es ist eine gro\u00dfartige Substanz mit einigen sehr guten Eigenschaften. Besonders in Kombination mit CBD kommt das wahre Potenzial von CBG-\u00d6l zum Vorschein. Zwischen CBD und CBG findet eine Wechselwirkung statt, die auch als Entourage-Effekt bezeichnet wird; die Substanzen verst\u00e4rken sich gegenseitig in ihrer Wirkung. Das Ergebnis ist eine h\u00f6here Wirksamkeit und eine Verst\u00e4rkung der CBD-Effekte.<\/p>\n<h2>Vorteile:<\/h2>\n<ul>\n<li>Einzigartige Hempcare SLEEP-Formel f\u00fcr maximale Wirksamkeit<\/li>\n<li>Enth\u00e4lt so viel wie 10% CBD und 10% CBG<\/li>\n<li>Die Kombination schafft den Entourage-Effekt<\/li>\n<li>Enth\u00e4lt das Terpen Beta-Caryophyllen<\/li>\n<li>100% nat\u00fcrlich &amp; biologisch<\/li>\n<\/ul>\n<p>Hempcare Sleep ist mit Hanf\u00f6l angereichert. Das \u00d6l macht es einfach, das CBD mit dem mitgelieferten Tropfer zu dosieren. Verwenden Sie es zum Beispiel kurz vor dem Schlafengehen. Nehmen Sie nicht mehr als 160 mg CBD t\u00e4glich ein.<\/p>\n<h2>Zutaten:<\/h2>\n<ul>\n<li>Hanfsamen\u00f6l<\/li>\n<li>Hanf-Extrakt<\/li>\n<li>Cannabidiol (CBD)<\/li>\n<li>Cannabigerol (CBG)<\/li>\n<li>Myrcene<\/li>\n<li>Beta-Caryophyllen<\/li>\n<li>Limonen<\/li>\n<li>Linalool<\/li>\n<li>A-Pinen<\/li>\n<li>Humulen<\/li>\n<li>Terpinolen<\/li>\n<\/ul>\n<p>Dieses Produkt enth\u00e4lt weniger als 0,05% THC.<\/p>\n<\/div>\n<\/div>","protected":false},"excerpt":{"rendered":"<p>Hempcare SLEEP 10% CBG 10ml ist eines der beliebtesten Produkte im Sortiment. Das liegt daran, dass dieses Produkt eine wirksame Formel aus verschiedenen Cannabinoiden, Terpenen, Omega-Fetts\u00e4uren und Antioxidantien enth\u00e4lt.<\/p>","protected":false},"featured_media":887,"template":"","meta":[],"product_brand":[],"product_cat":[16],"product_tag":[],"class_list":{"0":"post-884","1":"product","2":"type-product","3":"status-publish","4":"has-post-thumbnail","6":"product_cat-cbd","8":"first","9":"instock","10":"taxable","11":"shipping-taxable","12":"purchasable","13":"product-type-variable","14":"has-default-attributes"},"_links":{"self":[{"href":"https:\/\/www.hempcare.nl\/de\/wp-json\/wp\/v2\/product\/884","targetHints":{"allow":["GET"]}}],"collection":[{"href":"https:\/\/www.hempcare.nl\/de\/wp-json\/wp\/v2\/product"}],"about":[{"href":"https:\/\/www.hempcare.nl\/de\/wp-json\/wp\/v2\/types\/product"}],"wp:featuredmedia":[{"embeddable":true,"href":"https:\/\/www.hempcare.nl\/de\/wp-json\/wp\/v2\/media\/887"}],"wp:attachment":[{"href":"https:\/\/www.hempcare.nl\/de\/wp-json\/wp\/v2\/media?parent=884"}],"wp:term":[{"taxonomy":"product_brand","embeddable":true,"href":"https:\/\/www.hempcare.nl\/de\/wp-json\/wp\/v2\/product_brand?post=884"},{"taxonomy":"product_cat","embeddable":true,"href":"https:\/\/www.hempcare.nl\/de\/wp-json\/wp\/v2\/product_cat?post=884"},{"taxonomy":"product_tag","embeddable":true,"href":"https:\/\/www.hempcare.nl\/de\/wp-json\/wp\/v2\/product_tag?post=884"}],"curies":[{"name":"wp","href":"https:\/\/api.w.org\/{rel}","templated":true}]}}