{"id":879,"date":"2025-07-10T07:09:35","date_gmt":"2025-07-10T07:09:35","guid":{"rendered":"https:\/\/www.hempcare.nl\/?post_type=product&#038;p=879"},"modified":"2026-04-14T14:34:50","modified_gmt":"2026-04-14T14:34:50","slug":"hanfpflege-rubin-10","status":"publish","type":"product","link":"https:\/\/www.hempcare.nl\/de\/hempcare-ruby-10\/","title":{"rendered":"Hempcare Ruby 10%"},"content":{"rendered":"<div class=\"wpb_text_column wpb_content_element\">\n<div class=\"wpb_wrapper\">\n<p>Hempcare RUBY 10% CBD 10 ml ist eine besondere CBD-Variante. W\u00e4hrend Hempcare f\u00fcr RAW 5% CBD eine gew\u00f6hnliche Faserhanfpflanze verwendet hat, wurde f\u00fcr Hempcare RUBY 10% CBD eine seltenere Pflanze gew\u00e4hlt.<\/p>\n<p>Die f\u00fcr die Herstellung von Hempcare RUBY 10% CBD verwendete Hanfpflanze w\u00e4chst auf einem speziellen N\u00e4hrboden hoch in den Bergen. Dieses N\u00e4hrmedium ist ein roter, lehmartiger N\u00e4hrboden, weshalb RUBY 10% CBD auch eine besonders sch\u00f6ne rubinrote Farbe hat.<\/p>\n<h2>Beta-Caryophyllen<\/h2>\n<p>Dieser besondere N\u00e4hrboden sorgt auch daf\u00fcr, dass die Pflanze ein besonderes Terpen enth\u00e4lt, das Beta-Caryophyllen. Dieses Terpen wird seit Jahrhunderten f\u00fcr seine entz\u00fcndungshemmende und schmerzlindernde Wirkung gepriesen, auch wenn die Menschen fr\u00fcher nicht wussten, dass dies auf dieses Terpen zur\u00fcckzuf\u00fchren ist.<\/p>\n<p>Das Terpen ist in zahlreichen Pflanzen und Kr\u00e4utern enthalten. In Hempcare RUBY 10% CBD ist es jedoch in viel gr\u00f6\u00dferer Anzahl vorhanden. Das Verh\u00e4ltnis von nat\u00fcrlichen und pflanzlichen Substanzen sorgt f\u00fcr eine optimale Wirkung.<\/p>\n<h2>Bauwesen<\/h2>\n<p>Das CBD-\u00d6l 100% natural Hempcare RUBY 10% von Hempcare besteht aus Hanfsamen\u00f6l und Hanfextrakt. Dabei bleiben alle wichtigen und wesentlichen nat\u00fcrlichen Bestandteile der Faserhanfpflanze erhalten. RUBY 10% CBD-\u00d6l enth\u00e4lt nur das Beste, was die Natur zu bieten hat.<\/p>\n<h2>Vorteile<\/h2>\n<ul>\n<li>Kann eine entz\u00fcndungshemmende Wirkung haben<\/li>\n<li>\u00c4ngste und Stresssymptome k\u00f6nnen verschwinden<\/li>\n<li>ADHS, Parkinson, rheumatische Beschwerden und Migr\u00e4ne k\u00f6nnen die<\/li>\n<li>100% nat\u00fcrlich und biologisch<\/li>\n<li>In einer praktischen Spenderflasche<\/li>\n<\/ul>\n<h2>Inhaltsstoffe<\/h2>\n<ul>\n<li>Hanfsamen\u00f6l<\/li>\n<li>Hanf-Extrakt<\/li>\n<li>Cannabidiol (CBD)<\/li>\n<li>Nehmen Sie nicht mehr als 160 mg CBD t\u00e4glich ein.<\/li>\n<\/ul>\n<p>Dieses Produkt enth\u00e4lt weniger als 0,05% THC.<\/p>\n<p>&nbsp;<\/p>\n<\/div>\n<\/div>","protected":false},"excerpt":{"rendered":"<p>Hempcare RUBY 10% CBD-\u00d6l ist reich an speziellen Terpenen, die eine wichtige Rolle bei verschiedenen Funktionen im K\u00f6rper spielen.<\/p>","protected":false},"featured_media":882,"template":"","meta":[],"product_brand":[],"product_cat":[16],"product_tag":[],"class_list":{"0":"post-879","1":"product","2":"type-product","3":"status-publish","4":"has-post-thumbnail","6":"product_cat-cbd","8":"first","9":"instock","10":"taxable","11":"shipping-taxable","12":"purchasable","13":"product-type-variable","14":"has-default-attributes"},"_links":{"self":[{"href":"https:\/\/www.hempcare.nl\/de\/wp-json\/wp\/v2\/product\/879","targetHints":{"allow":["GET"]}}],"collection":[{"href":"https:\/\/www.hempcare.nl\/de\/wp-json\/wp\/v2\/product"}],"about":[{"href":"https:\/\/www.hempcare.nl\/de\/wp-json\/wp\/v2\/types\/product"}],"wp:featuredmedia":[{"embeddable":true,"href":"https:\/\/www.hempcare.nl\/de\/wp-json\/wp\/v2\/media\/882"}],"wp:attachment":[{"href":"https:\/\/www.hempcare.nl\/de\/wp-json\/wp\/v2\/media?parent=879"}],"wp:term":[{"taxonomy":"product_brand","embeddable":true,"href":"https:\/\/www.hempcare.nl\/de\/wp-json\/wp\/v2\/product_brand?post=879"},{"taxonomy":"product_cat","embeddable":true,"href":"https:\/\/www.hempcare.nl\/de\/wp-json\/wp\/v2\/product_cat?post=879"},{"taxonomy":"product_tag","embeddable":true,"href":"https:\/\/www.hempcare.nl\/de\/wp-json\/wp\/v2\/product_tag?post=879"}],"curies":[{"name":"wp","href":"https:\/\/api.w.org\/{rel}","templated":true}]}}