{"id":874,"date":"2025-07-10T07:06:11","date_gmt":"2025-07-10T07:06:11","guid":{"rendered":"https:\/\/www.hempcare.nl\/?post_type=product&#038;p=874"},"modified":"2026-04-14T14:35:10","modified_gmt":"2026-04-14T14:35:10","slug":"hanfpflege-sport-10","status":"publish","type":"product","link":"https:\/\/www.hempcare.nl\/de\/hempcare-sport-10\/","title":{"rendered":"Hempcare Sport 10%"},"content":{"rendered":"<div class=\"wpb_text_column wpb_content_element\">\n<div class=\"wpb_wrapper\">\n<div class=\"wpb_text_column wpb_content_element\">\n<div class=\"wpb_wrapper\">\n<p>Athleten, Spitzensportler und Freizeitsportler haben eine \u00e4hnliche Herausforderung. Sie arbeiten mit ihrem K\u00f6rper und haben mit ihrem Training ein Ziel vor Augen. Die Tatsache, dass es schmerzhaft ist, an seine Grenzen zu gehen, h\u00e4lt sie nicht davon ab, dies zu tun. Athleten und Sportler auf verschiedenen Ebenen nutzen CBD, um ihre Leistung zu verbessern.<\/p>\n<p>Gleichzeitig entdecken immer mehr Sportler, dass CBD ihnen auch auf andere Weise hilft. CBD lindert Schmerzen und Entz\u00fcndungen, verbessert den Schlaf und die Konzentration und stellt das Gleichgewicht im K\u00f6rper wieder her.<\/p>\n<p>Aus diesem Grund hat Hempcare ein angereichertes CBD-Produkt speziell f\u00fcr Sportler entwickelt: CBD Sport.<\/p>\n<p>Hempcare CBD Sport ist ein reines, vollwertiges Naturprodukt, bei dem alle wichtigen Stoffe aus der Hanfpflanze enthalten sind. Dazu geh\u00f6ren neben dem Hauptinhaltsstoff Cannabidiol auch alle anderen Cannabinoide, Terpene, Vitamine, Proteine und andere Substanzen.<\/p>\n<p>Au\u00dferdem wurden dem Hempcare CBD Sport mehrere spezifische Terpene zugesetzt. Terpene sind Geschmacks-, Geruchs- und Farbstoffe, die in jeder Pflanze vorkommen. Bei der jahrzehntelangen Erforschung dieser nat\u00fcrlichen Bestandteile entdeckten Wissenschaftler besondere Eigenschaften, die wie CBD f\u00fcr Sportler von Vorteil sind. In Zusammenarbeit mit Sportlern und auf der Grundlage ihrer Erfahrungen hat Hempcare das Basis-CBD-\u00d6l mit einigen dieser spezifischen Terpene angereichert.<\/p>\n<h2>Vorteile von Hempcare CBD Sport<\/h2>\n<ul>\n<li>Sportler kennen den st\u00e4ndigen Kampf zwischen Leistung und Schmerz. Die am h\u00e4ufigsten auftretenden Schmerzen sind entz\u00fcndliche Schmerzen aufgrund von Muskelrissen oder Verletzungen. Studien zeigen, dass CBD bei diesen Symptomen Linderung verschaffen und die Genesung unterst\u00fctzen kann. Die Eigenschaften von CBD helfen Sportlern, das Immunsystem zu st\u00e4rken und den K\u00f6rper widerstandsf\u00e4higer gegen Stress und Infektionen zu machen.<\/li>\n<li>Der K\u00f6rper kann durch intensives Training und \u00dcbungen Stress und Angstzust\u00e4nde erfahren. Dies f\u00fchrt dazu, dass Sportler l\u00e4nger m\u00fcde sind und sich weniger gut erholen. CBD hilft dem K\u00f6rper, die Stressreaktion auf das Training zu reduzieren, so dass die Sportler weiter trainieren k\u00f6nnen, ohne dass der K\u00f6rper negativ reagiert.<\/li>\n<li>CBD gibt Ihnen eine gewisse Ruhe, die f\u00fcr einen guten und erholsamen Schlafzyklus notwendig ist. Und dieser Schlaf ist unglaublich wichtig f\u00fcr die Erholung des K\u00f6rpers, vor allem, wenn Sie eine optimale Leistung bringen wollen. Um Hempcare CBD Sport zu erg\u00e4nzen, k\u00f6nnen Sie zus\u00e4tzlich Hempcare CBD Sleep verwenden.<\/li>\n<li>CBD-Anwender berichten, dass es auch bei Gelenkschmerzen hilft.<\/li>\n<li>Die Forschung zeigt, dass CBD antioxidative Eigenschaften hat und den Blutfluss verbessert. Dadurch k\u00f6nnen die Muskeln mehr Sauerstoff und dringend ben\u00f6tigte N\u00e4hrstoffe erhalten.<br \/>\nHempcare CBD Sport unterst\u00fctzt das Muskelwachstum w\u00e4hrend des Erholungsprozesses und beugt Entz\u00fcndungen vor. Dadurch k\u00f6nnen Sportler ihre Muskelmasse schneller aufbauen. Hempcare CBD Sport eignet sich besonders f\u00fcr Sportler mit dem prim\u00e4ren Ziel des Kraftaufbaus und der Muskelentwicklung.<\/li>\n<li>Die Ergebnisse von Hempcare CBD Sport sind von Sportler zu Sportler unterschiedlich. Auch die Geschwindigkeit, mit der die Effekte wahrgenommen werden, ist bei jeder Person unterschiedlich. Dies ist auf individuelle Unterschiede in K\u00f6rper, Lebensstil und Trainingsniveau zur\u00fcckzuf\u00fchren.<\/li>\n<\/ul>\n<h2>Inhaltsstoffe<\/h2>\n<ul>\n<li>Hanfsamen\u00f6l<\/li>\n<li>Hanf-Extrakt<\/li>\n<li>Cannabidiol (CBD)<\/li>\n<li>Myrcene<\/li>\n<li>Beta-Caryophyllen<\/li>\n<li>Eukalyptol<\/li>\n<li>Linalool<\/li>\n<li>A-Pinen<\/li>\n<li>Humulen<\/li>\n<\/ul>\n<p>Nehmen Sie nicht mehr als 160 mg CBD t\u00e4glich ein.<\/p>\n<p>Dieses Produkt enth\u00e4lt weniger als 0,05% THC.<\/p>\n<\/div>\n<\/div>\n<\/div>\n<\/div>","protected":false},"excerpt":{"rendered":"<p>Dieses Vollspektrum 10% CBD \u00d6l 10ml enth\u00e4lt neben bestem CBD auch mehrere Terpene aus der CBD-Familie. Dies macht Hempcare CBD SPORT sehr interessant f\u00fcr Sportbegeisterte.<\/p>","protected":false},"featured_media":877,"template":"","meta":[],"product_brand":[],"product_cat":[16],"product_tag":[],"class_list":{"0":"post-874","1":"product","2":"type-product","3":"status-publish","4":"has-post-thumbnail","6":"product_cat-cbd","8":"first","9":"instock","10":"taxable","11":"shipping-taxable","12":"purchasable","13":"product-type-variable","14":"has-default-attributes"},"_links":{"self":[{"href":"https:\/\/www.hempcare.nl\/de\/wp-json\/wp\/v2\/product\/874","targetHints":{"allow":["GET"]}}],"collection":[{"href":"https:\/\/www.hempcare.nl\/de\/wp-json\/wp\/v2\/product"}],"about":[{"href":"https:\/\/www.hempcare.nl\/de\/wp-json\/wp\/v2\/types\/product"}],"wp:featuredmedia":[{"embeddable":true,"href":"https:\/\/www.hempcare.nl\/de\/wp-json\/wp\/v2\/media\/877"}],"wp:attachment":[{"href":"https:\/\/www.hempcare.nl\/de\/wp-json\/wp\/v2\/media?parent=874"}],"wp:term":[{"taxonomy":"product_brand","embeddable":true,"href":"https:\/\/www.hempcare.nl\/de\/wp-json\/wp\/v2\/product_brand?post=874"},{"taxonomy":"product_cat","embeddable":true,"href":"https:\/\/www.hempcare.nl\/de\/wp-json\/wp\/v2\/product_cat?post=874"},{"taxonomy":"product_tag","embeddable":true,"href":"https:\/\/www.hempcare.nl\/de\/wp-json\/wp\/v2\/product_tag?post=874"}],"curies":[{"name":"wp","href":"https:\/\/api.w.org\/{rel}","templated":true}]}}