{"id":389,"date":"2025-02-19T11:31:42","date_gmt":"2025-02-19T11:31:42","guid":{"rendered":"https:\/\/www.hempcare.nl\/?post_type=product&#038;p=389"},"modified":"2026-04-14T14:35:10","modified_gmt":"2026-04-14T14:35:10","slug":"hanfpflege-roh-5","status":"publish","type":"product","link":"https:\/\/www.hempcare.nl\/de\/hempcare-raw-5\/","title":{"rendered":"Hempcare Raw 5%"},"content":{"rendered":"<div class=\"wpb_text_column wpb_content_element\">\n<div class=\"wpb_wrapper\">\n<p>Immer mehr Menschen weltweit erleben die Vorteile von CBD-\u00d6l. Es hat eine entspannende Wirkung, lindert Schmerzen und sorgt f\u00fcr mentale Ausgeglichenheit.<\/p>\n<p>Die Erforschung des Potenzials von CBD geht weiter, und jede Woche entdecken Wissenschaftler neue Eigenschaften, die bei spezifischen, individuellen Beschwerden helfen.<\/p>\n<p>Hempcare RAW 5% ist unverarbeitetes CBD in seiner reinsten und reinsten Form. Es enth\u00e4lt alle wichtigen Cannabinoide, Flavonoide und Terpene, die in Hanf vorkommen. Dieses Naturprodukt wird vom K\u00f6rper so erkannt, als w\u00e4re es k\u00f6rpereigen. Das liegt daran, dass wir selbst auch eine Art von Cannabinoiden in unserem K\u00f6rper produzieren, die sogenannten Endocannabinoide. Diese sind fast identisch mit den pflanzlichen Cannabinoiden im Hanf. Deshalb ist CBD-\u00d6l auch so gut vertr\u00e4glich.<\/p>\n<h2>Dosierung Raw 5%<\/h2>\n<p>Zweimal t\u00e4glich 1-5 Tropfen unter die Zunge tr\u00e4ufeln. Es wird empfohlen, die Anzahl der Tropfen je nach Bedarf zu erh\u00f6hen. Nehmen Sie nicht mehr als 160 mg CBD t\u00e4glich ein.<\/p>\n<p>Zus\u00e4tzlicher Tipp: Versuchen Sie, in der ersten Minute nach der Einnahme nicht zu schlucken, damit die Speicheldr\u00fcsen Zeit haben, das CBD so gut wie m\u00f6glich aufzunehmen.<\/p>\n<h2>Inhaltsstoffe<\/h2>\n<ul>\n<li>Hanfsamen\u00f6l<\/li>\n<li>Hanf-Extrakt<\/li>\n<li>Cannibdiol (CBD) 500mg pro 10ml<\/li>\n<\/ul>\n<p>Dieses Produkt enth\u00e4lt weniger als 0,05% THC.<\/p>\n<\/div>\n<\/div>","protected":false},"excerpt":{"rendered":"<p>Hempcare RAW 5% ist ein wunderbares Basisprodukt, ideal f\u00fcr CBD-Anf\u00e4nger.<\/p>","protected":false},"featured_media":825,"template":"","meta":[],"product_brand":[],"product_cat":[16],"product_tag":[],"class_list":{"0":"post-389","1":"product","2":"type-product","3":"status-publish","4":"has-post-thumbnail","6":"product_cat-cbd","8":"first","9":"instock","10":"taxable","11":"shipping-taxable","12":"purchasable","13":"product-type-variable","14":"has-default-attributes"},"_links":{"self":[{"href":"https:\/\/www.hempcare.nl\/de\/wp-json\/wp\/v2\/product\/389","targetHints":{"allow":["GET"]}}],"collection":[{"href":"https:\/\/www.hempcare.nl\/de\/wp-json\/wp\/v2\/product"}],"about":[{"href":"https:\/\/www.hempcare.nl\/de\/wp-json\/wp\/v2\/types\/product"}],"wp:featuredmedia":[{"embeddable":true,"href":"https:\/\/www.hempcare.nl\/de\/wp-json\/wp\/v2\/media\/825"}],"wp:attachment":[{"href":"https:\/\/www.hempcare.nl\/de\/wp-json\/wp\/v2\/media?parent=389"}],"wp:term":[{"taxonomy":"product_brand","embeddable":true,"href":"https:\/\/www.hempcare.nl\/de\/wp-json\/wp\/v2\/product_brand?post=389"},{"taxonomy":"product_cat","embeddable":true,"href":"https:\/\/www.hempcare.nl\/de\/wp-json\/wp\/v2\/product_cat?post=389"},{"taxonomy":"product_tag","embeddable":true,"href":"https:\/\/www.hempcare.nl\/de\/wp-json\/wp\/v2\/product_tag?post=389"}],"curies":[{"name":"wp","href":"https:\/\/api.w.org\/{rel}","templated":true}]}}