{"id":3,"date":"2024-10-15T08:26:36","date_gmt":"2024-10-15T08:26:36","guid":{"rendered":"https:\/\/www.hempcare.nl\/?page_id=3"},"modified":"2025-09-09T12:56:54","modified_gmt":"2025-09-09T12:56:54","slug":"datenschutzbestimmungen","status":"publish","type":"page","link":"https:\/\/www.hempcare.nl\/de\/privacybeleid\/","title":{"rendered":"Datenschutzbestimmungen"},"content":{"rendered":"<h1 class=\"wp-block-heading\">Datenschutzbestimmungen<\/h1>\n\n\n\n<p>Diese Datenschutzerkl\u00e4rung beschreibt, wie hempcare Informationen, die Sie bei der Nutzung von www.hempcare.nl angeben, verwendet und sch\u00fctzt. Hempcare verpflichtet sich, Ihre Privatsph\u00e4re zu sch\u00fctzen.<\/p>\n\n\n\n<p>Haben Sie danach noch Fragen? Dann k\u00f6nnen Sie uns erreichen unter:<\/p>\n\n\n\n<p>- E-Mail:&nbsp;<a href=\"mailto:info@hempcare.nl\">info@hempcare.nl<\/a><\/p>\n\n\n\n<p><strong>Erkl\u00e4rung zum Datenschutz<\/strong><br>Sie k\u00f6nnen diese Website besuchen, ohne uns mitzuteilen, wer Sie sind, oder irgendwelche Informationen \u00fcber sich selbst zu geben. Es gibt jedoch Situationen, in denen wir Informationen von Ihnen ben\u00f6tigen, um z. B. mit Ihnen zu korrespondieren. Wir bem\u00fchen uns, Sie immer zu informieren, bevor wir pers\u00f6nliche Daten \u00fcber das Internet sammeln. Diese Website verwendet einen Z\u00e4hler, um die Anzahl der Besucher, die Websites, von denen sie kommen, und den Provider, \u00fcber den sie auf das Internet zugreifen, zu verfolgen. Die Ergebnisse werden nur in aggregierter Form verwendet und k\u00f6nnen nicht auf einzelne Personen zur\u00fcckgef\u00fchrt werden.<\/p>\n\n\n\n<p>Die gesammelten (personenbezogenen) Daten werden nicht an Dritte verkauft oder weitergegeben. Es sei denn, es liegen besondere Umst\u00e4nde vor, z. B. wenn dies gesetzlich vorgeschrieben ist. Sie k\u00f6nnen auch jederzeit beantragen, dass Ihre Daten aus unseren Dateien entfernt werden.<\/p>\n\n\n\n<p><strong>1. Sicherheit<\/strong><br>Www.hempcare.co.uk verpflichtet sich, alle angemessenen technischen und organisatorischen Ma\u00dfnahmen zu ergreifen, um Ihre personenbezogenen Daten vor Zerst\u00f6rung, Verlust, versehentlicher \u00c4nderung, Besch\u00e4digung oder Offenlegung zu sch\u00fctzen. Um diese Sicherheit zu gew\u00e4hrleisten, verwendet www.hempcare.nl eine Verschl\u00fcsselung der Kommunikation zwischen dem Server und Ihrem Computer sowie eine Verschl\u00fcsselung der gespeicherten Daten.<\/p>\n\n\n\n<p><strong>2. Verarbeitung von personenbezogenen Daten<\/strong><br>\u00dcber www.hempcare.nl werden personenbezogene Daten \u00fcber Sie auf verschiedene Weise erhoben, wenn Sie ein Online-Formular ausf\u00fcllen, wenn Sie einen Newsletter abonnieren und wenn Sie einige Online-Dienste nutzen. Die von Ihnen \u00fcber die Website \u00fcbermittelten Daten werden ausschlie\u00dflich dazu verwendet, Ihnen die angeforderten Informationen zur Verf\u00fcgung zu stellen und Ihnen den\/die gew\u00fcnschten Newsletter zuzusenden. Mit der \u00dcbermittlung dieser personenbezogenen Daten erkl\u00e4ren Sie sich ausdr\u00fccklich damit einverstanden, dass www.hempcare.nl diese Daten f\u00fcr die oben genannten Zwecke speichern und verarbeiten darf.<br>Dar\u00fcber hinaus werden uns einige Daten automatisch zur Verf\u00fcgung gestellt, wie z. B. Ihre IP-Adresse durch Webanalyse. Lesen Sie weiter unten mehr dar\u00fcber, wie wir Webanalyse verwenden. Von jedem Newsletter k\u00f6nnen Sie sich abmelden, so dass Sie keine Nachrichten mehr von hempcare erhalten. Sie haben jederzeit das Recht, die pers\u00f6nlichen Daten, die wir \u00fcber Sie gespeichert haben, einzusehen. Sie k\u00f6nnen eine \u00dcbersicht \u00fcber Ihre pers\u00f6nlichen Daten anfordern, indem Sie eine E-Mail an die oben genannte E-Mail-Adresse senden.<\/p>\n\n\n\n<p><strong>3. Web-Analytik<\/strong><br>Google Analytics<br>Wir verwenden Google (Universal) Analytics, den Webanalysedienst von Google, um zu analysieren, wie unsere Website genutzt wird. Google Analytics verwendet dazu sogenannte \"Cookies\", kleine Textdateien, die w\u00e4hrend Ihres Besuchs auf unserer Website auf Ihrem Computer, Tablet oder Handy gespeichert werden. Diese Funktion wird nur dann aktiviert, wenn Sie der Speicherung der Cookies zugestimmt haben. Die gewonnenen Informationen, einschlie\u00dflich Ihrer IP-Adresse, werden von Google auf Servern in den USA gespeichert. Wir haben mit Google einen Verarbeitungsvertrag abgeschlossen, um den Umgang mit den Daten zu vereinbaren. Die Daten werden standardm\u00e4\u00dfig 50 Monate lang gespeichert. Weitere Informationen finden Sie in den Datenschutzbestimmungen von Google und in den Datenschutzbestimmungen von Google Analytics.<\/p>\n\n\n\n<p>Wir verwenden die folgenden Werbefunktionen von Google Analytics:<\/p>\n\n\n\n<ul class=\"wp-block-list\">\n<li>Remarketing mit Google Analytics: Wir verwenden dies, um mit den Nutzern wieder in Kontakt zu treten und ihnen relevante Angebote zu unterbreiten.<\/li>\n\n\n\n<li>Integration der DoubleClick-Plattform mit Google Analytics: Wir integrieren unsere Webanalyse mit Plattformen f\u00fcr bezahlte Werbung, um mehr Erkenntnisse zu gewinnen. So k\u00f6nnen wir unsere Anzeigen besser ausrichten und die richtigen Angebote anzeigen.<\/li>\n\n\n\n<li>Berichte f\u00fcr Impressionen im Google Display-Netzwerk: Dadurch erhalten wir einen besseren Einblick, welche Nutzer unsere bezahlten Anzeigen auf anderen Websites gesehen haben. Wir nutzen dies, um unsere Anzeigen spezifischer und relevanter zu gestalten.<\/li>\n\n\n\n<li>Berichte f\u00fcr demografische und Interessenkategorien von Google Analytics: Dies erm\u00f6glicht es uns, mehr \u00fcber die Nutzer unserer Website zu erfahren. Wie Alter, Geschlecht und Interessen, auf einer anonymen und aggregierten Ebene. Sie enthalten daher keine pers\u00f6nlichen Informationen, die Sie, den Nutzer, identifizieren k\u00f6nnten. Mit dem Einblick in diese Daten k\u00f6nnen wir unsere Website so anpassen, dass wir Ihnen die bestm\u00f6gliche Erfahrung bieten k\u00f6nnen.<\/li>\n\n\n\n<li>Integrierte Dienste f\u00fcr Werbezwecke, f\u00fcr die Google Analytics Daten sammelt, einschlie\u00dflich Daten, die durch Anzeigen-Cookies und IDs gesammelt werden.<br>Informationen \u00fcber Ihre Nutzung unserer Website werden von Google durch Google-Anzeigen-Cookies und -IDs gesammelt. Google kann Informationen an Dritte weitergeben, wenn sie dazu gesetzlich verpflichtet sind oder wenn diese Dritten die Informationen im Auftrag von Google verarbeiten.<\/li>\n<\/ul>\n\n\n\n<p><strong>Hotjar<\/strong><\/p>\n\n\n\n<p>Wir verwenden Hotjar, um die Bed\u00fcrfnisse unserer Nutzer besser zu verstehen und unseren Service und die damit verbundene Erfahrung zu verbessern. Hotjar ist ein technologischer Dienst, der uns hilft, die Erfahrungen unserer Nutzer besser zu verstehen (wie viel Zeit sie auf welcher Seite verbringen, welche Links sie anklicken, was den Nutzern gef\u00e4llt und was nicht usw.), und der es uns erm\u00f6glicht, unseren Service mit Hilfe von Nutzer-Feedback aufzubauen und zu pflegen. Hotjar verwendet Cookies und andere Technologien, um Daten \u00fcber das Verhalten unserer Nutzer und ihrer Ger\u00e4te zu sammeln (insbesondere IP-Adressen der Ger\u00e4te (die nur in anonymisierter Form erfasst und gespeichert werden), Bildschirmaufl\u00f6sung des Ger\u00e4ts, Ger\u00e4tetyp (eindeutige Ger\u00e4te-IDs), Browserinformationen, geografischer Standort (nur auf L\u00e4nderebene), bevorzugte Sprache f\u00fcr die Anzeige unserer Website). Diese Funktion wird nur aktiviert, wenn Sie Ihre Zustimmung zum Setzen der Cookies gegeben haben. Hotjar speichert diese Informationen in einem pseudo-anonymisierten Nutzerprofil. Weder Hotjar noch wir werden diese Informationen jemals verwenden, um einzelne Nutzer zu identifizieren oder sie mit weiteren Daten \u00fcber einen einzelnen Nutzer zu verkn\u00fcpfen.<\/p>\n\n\n\n<p>Weitere<br>Wir sammeln auch automatisch Informationen \u00fcber die Nutzung unserer Website \u00fcber Cookies. Dies erm\u00f6glicht es uns, Statistiken \u00fcber die Nutzung unserer Website zu erstellen und gezieltere Mitteilungen zu versenden. Auch Facebook und Google AdWords stellen uns diese Art von Daten \u00fcber Audience Insights zur Verf\u00fcgung. Weitere Informationen finden Sie in den Datenschutzrichtlinien dieser Unternehmen: Facebook und Google AdWords.<br>Wir verwenden die Daten f\u00fcr die folgenden Zwecke:<\/p>\n\n\n\n<ul class=\"wp-block-list\">\n<li>Wir wollen uns ein Bild von unserer Zielgruppe und den Besuchern unserer Website machen. Zum Beispiel ihre Interessen, ihr Alter und ihren Wohnort.<\/li>\n\n\n\n<li>Zur Verbesserung der Website auf der Grundlage Ihrer Bed\u00fcrfnisse und Pr\u00e4ferenzen.<\/li>\n<\/ul>\n\n\n\n<p>Dies geschieht durch Marketing-Cookies. Die Dauer der Cookies kann in der Cookie-Erkl\u00e4rung am Ende der Seite nachgelesen werden. Sie k\u00f6nnen Ihre Zustimmung zur Verwendung dieser Daten widerrufen, indem Sie die Marketing-Cookies l\u00f6schen.<\/p>\n\n\n\n<p><strong>4. Wie das Remarketing eingesetzt wird<\/strong><br>Um den Nutzern relevante Angebote zu unterbreiten, nehmen wir die Dienste von Dritten in Anspruch, die Cookies auf unserer Website platzieren. Diese Funktionen werden nur aktiviert, wenn Sie Ihre Zustimmung zum Setzen der Cookies gegeben haben. Es handelt sich um die folgenden Anbieter:<\/p>\n\n\n\n<ul class=\"wp-block-list\">\n<li>Facebook Inc, 1601 Willow Road, Menlo Park, CA 94025, USA. Wir verwenden dies auch, um Nutzern, die unsere Website bereits besucht haben, Anzeigen zu zeigen. Diese Anzeigen werden auf Facebook in der Timeline oder als kleine Werbung in der rechten Spalte angezeigt. Wir zeigen dir Informationen, die du bereits gesehen hast, damit du darauf reagieren kannst, wenn du noch Interesse hast. Facebook-Werbeanzeigen k\u00f6nnen auf Facebook selbst deaktiviert\/ausgeblendet werden, indem Sie auf das Symbol in der oberen rechten Ecke der Anzeige klicken.<\/li>\n\n\n\n<li>Remarketing ist eine Funktion von Google AdWords, die es uns erm\u00f6glicht, Nutzern, die unsere Website bereits besucht haben, Anzeigen zu zeigen. Diese Anzeigen werden auf anderen Websites im Internet geschaltet. Dabei zeigen wir Ihnen Informationen, die Sie zuvor angesehen haben, so dass Sie darauf reagieren k\u00f6nnen, wenn Sie noch daran interessiert sind.<\/li>\n\n\n\n<li>\"\u00c4hnliche Zielgruppen\" als Targeting-Funktion in Google AdWords, die es uns erm\u00f6glicht, potenziellen Kunden mit \u00e4hnlichen Merkmalen und Interessen wie die Nutzer unserer Website Anzeigen zu zeigen. Diese Daten werden mit Dritten wie Google geteilt.<\/li>\n\n\n\n<li>Instagram Inc, 1 Hacker Way, Menlo Park, CA 94022, USA. \u00dcber Instagram zeigen wir Nutzern, die zuvor unsere Website besucht oder unsere Facebook-Seite gesehen haben, Anzeigen an. Diese Anzeigen werden auf Instagram selbst angezeigt. Sie k\u00f6nnen die Anzeigen auf Instagram selbst deaktivieren\/ausblenden, indem Sie auf das Symbol oben rechts neben der Anzeige klicken.<\/li>\n<\/ul>\n\n\n\n<p><strong>5. Recht auf Anpassung und Berichtigung<\/strong><br>Wie im Datenschutzgesetz vorgesehen, k\u00f6nnen Sie jederzeit auf Ihre pers\u00f6nlichen Daten zugreifen und sie kostenlos \u00e4ndern. Dazu k\u00f6nnen Sie eine E-Mail an info@hempcare.nl senden.<\/p>\n\n\n\n<p><strong>6. \u00c4nderungen<\/strong><br>Www.hempcare.co.uk beh\u00e4lt sich das Recht vor, die Datenschutzbestimmungen jederzeit zu \u00e4ndern.<br>Diese Datenschutzerkl\u00e4rung wurde zuletzt am 5. Juli 2018 ge\u00e4ndert und aktualisiert.<\/p>\n\n\n\n<p><strong>Ausschluss der Haftung<\/strong><br>Alle Informationen auf dieser Webseite sind f\u00fcr den pers\u00f6nlichen Gebrauch bestimmt. Es k\u00f6nnen keine Rechte aus den Informationen abgeleitet werden. \u00c4nderungen und Tippfehler sind vorbehalten. Wir bem\u00fchen uns, dass die Informationen auf dieser Webseite so vollst\u00e4ndig und genau wie m\u00f6glich sind. Www.hempcare.nl \u00fcbernimmt keine Verantwortung f\u00fcr Sch\u00e4den, die in irgendeiner Weise durch die Nutzung, Unvollst\u00e4ndigkeit oder Ungenauigkeit der Informationen auf dieser Webseite entstehen.<\/p>\n\n\n\n<p><strong>Verf\u00fcgbarkeit<\/strong><br>Die Informationen und Empfehlungen auf dieser Website k\u00f6nnen ohne vorherige Ank\u00fcndigung oder Mitteilung ge\u00e4ndert werden. Wir bem\u00fchen uns, diese Website so weit wie m\u00f6glich verf\u00fcgbar zu machen, \u00fcbernehmen jedoch keine Haftung f\u00fcr etwaige Folgen einer (vor\u00fcbergehenden) Nichtverf\u00fcgbarkeit.<\/p>\n\n\n\n<p><strong>Urheberrechte und Rechte an geistigem Eigentum<\/strong><br>Das Copyright auf dieser Website liegt bei Www.hempcare.nl oder bei Dritten, die Www.hempcare.nl dieses (Bild-)Material mit Genehmigung zur Verf\u00fcgung gestellt haben. Vervielf\u00e4ltigung in jeglicher Form ist nur nach vorheriger Genehmigung durch Www.hempcare.nl erlaubt.<\/p>","protected":false},"excerpt":{"rendered":"<p>Privacybeleid Deze privacyverklaring beschrijft hoe hempcare alle informatie gebruikt en beschermt die je geeft wanneer je www.hempcare.nl gebruikt. Hempcare zet zich in om jouw privacy te beschermen. Heb je hierna nog vragen? Dan kunnen je ons bereiken via: \u2022 E-mail:&nbsp;info@hempcare.nl PrivacyverklaringU kunt deze website bezoeken zonder ons mee te delen wie u bent of enige [&#8230;]\n","protected":false},"author":1,"featured_media":0,"parent":0,"menu_order":0,"comment_status":"closed","ping_status":"open","template":"","meta":{"footnotes":""},"class_list":["post-3","page","type-page","status-publish","hentry"],"_links":{"self":[{"href":"https:\/\/www.hempcare.nl\/de\/wp-json\/wp\/v2\/pages\/3","targetHints":{"allow":["GET"]}}],"collection":[{"href":"https:\/\/www.hempcare.nl\/de\/wp-json\/wp\/v2\/pages"}],"about":[{"href":"https:\/\/www.hempcare.nl\/de\/wp-json\/wp\/v2\/types\/page"}],"author":[{"embeddable":true,"href":"https:\/\/www.hempcare.nl\/de\/wp-json\/wp\/v2\/users\/1"}],"replies":[{"embeddable":true,"href":"https:\/\/www.hempcare.nl\/de\/wp-json\/wp\/v2\/comments?post=3"}],"version-history":[{"count":2,"href":"https:\/\/www.hempcare.nl\/de\/wp-json\/wp\/v2\/pages\/3\/revisions"}],"predecessor-version":[{"id":1202,"href":"https:\/\/www.hempcare.nl\/de\/wp-json\/wp\/v2\/pages\/3\/revisions\/1202"}],"wp:attachment":[{"href":"https:\/\/www.hempcare.nl\/de\/wp-json\/wp\/v2\/media?parent=3"}],"curies":[{"name":"wp","href":"https:\/\/api.w.org\/{rel}","templated":true}]}}