{"id":138,"date":"2013-08-06T20:13:19","date_gmt":"2013-08-06T20:13:19","guid":{"rendered":"http:\/\/localhost:8888\/test\/?page_id=17"},"modified":"2026-01-19T07:31:34","modified_gmt":"2026-01-19T07:31:34","slug":"homepage","status":"publish","type":"page","link":"https:\/\/www.hempcare.nl\/de\/","title":{"rendered":"Homepage"},"content":{"rendered":"<div class=\"slider-wrapper relative\" id=\"slider-218421175\" >\n    <div class=\"slider slider-nav-circle slider-nav-large slider-nav-light slider-style-normal\"\n        data-flickity-options='{            \"cellAlign\": \"center\",            \"imagesLoaded\": true,            \"lazyLoad\": 1,            \"freeScroll\": false,            \"wrapAround\": true,            \"autoPlay\": 6000,            \"pauseAutoPlayOnHover\" : true,            \"prevNextButtons\": true,            \"contain\" : true,            \"adaptiveHeight\" : true,            \"dragThreshold\" : 10,            \"percentPosition\": true,            \"pageDots\": true,            \"rightToLeft\": false,            \"draggable\": true,            \"selectedAttraction\": 0.1,            \"parallax\" : 0,            \"friction\": 0.6        }'\n        >\n        \n\n\n  <div class=\"banner has-hover\" id=\"banner-1393992006\">\n          <div class=\"banner-inner fill\">\n        <div class=\"banner-bg fill\" >\n            <img loading=\"lazy\" decoding=\"async\" width=\"1020\" height=\"681\" src=\"https:\/\/www.hempcare.nl\/wp-content\/uploads\/2025\/07\/CBD-producten.jpg-1199x800.webp\" class=\"bg attachment-large size-large\" alt=\"\" title=\"\">                        <div class=\"overlay\"><\/div>            \n                    <\/div>\n\t\t\n        <div class=\"banner-layers container\">\n            <div class=\"fill banner-link\"><\/div>            \n\n   <div id=\"text-box-2090968720\" class=\"text-box banner-layer x5 md-x5 lg-x5 y50 md-y50 lg-y50 res-text\">\n                                <div class=\"text-box-content text dark\">\n              \n              <div class=\"text-inner text-left\">\n                  \n\n<h1>CBD- und CBG-\u00d6l von Hempcare<\/h1>\n<div class=\"is-divider divider clearfix\" style=\"margin-top:20px;margin-bottom:20px;\"><\/div>\n\n\t<div id=\"text-2071395507\" class=\"text\">\n\t\t\n\n<h3>F\u00fcr nat\u00fcrliches Wohlbefinden und schnelle Lieferung!<\/h3>\n\t\t\n<style>\n#text-2071395507 {\n  font-size: 1rem;\n  text-align: left;\n}\n<\/style>\n\t<\/div>\n\t\n<div class=\"is-divider divider clearfix\" style=\"margin-top:4px;margin-bottom:4px;height:1px;background-color:rgba(255, 255, 255, 0);\"><\/div>\n\n<a href=\"https:\/\/www.hempcare.nl\/de\/hanfpflege-rubin-10\/\" class=\"button secondary is-larger\" style=\"border-radius:99px;\">\n\t<i class=\"icon-checkmark\" aria-hidden=\"true\"><\/i>\t<span>Bestseller ansehen<\/span>\n\t<\/a>\n\n\n\n              <\/div>\n           <\/div>\n                            \n<style>\n#text-box-2090968720 {\n  width: 60%;\n}\n#text-box-2090968720 .text-box-content {\n  font-size: 100%;\n}\n@media (min-width:550px) {\n  #text-box-2090968720 {\n    width: 40%;\n  }\n}\n<\/style>\n    <\/div>\n \n\n        <\/div>\n      <\/div>\n\n            \n<style>\n#banner-1393992006 {\n  padding-top: 500px;\n  background-color: rgba(122, 156, 89, 0);\n}\n#banner-1393992006 .overlay {\n  background-color: rgba(23, 124, 87, 0.157);\n}\n<\/style>\n  <\/div>\n\n\n\n     <\/div>\n\n     <div class=\"loading-spin dark large centered\"><\/div>\n\n\t<\/div>\n\n\n<div class=\"is-divider divider clearfix\" style=\"margin-top:0px;margin-bottom:0px;max-width:0px;height:70px;\"><\/div>\n\n<div class=\"row row-large imgboxb\"  id=\"row-925707199\">\n\n\n\t<div id=\"col-615152091\" class=\"col medium-6 small-12 large-6\"  >\n\t\t\t\t<div class=\"col-inner\"  >\n\t\t\t\n\t\t\t\n\n\t<div class=\"box has-hover   has-hover box-text-bottom\" >\n\n\t\t<div class=\"box-image\" style=\"width:80%;\">\n\t\t\t\t\t\t<div class=\"\" >\n\t\t\t\t<img loading=\"lazy\" decoding=\"async\" width=\"1000\" height=\"1000\" src=\"https:\/\/www.hempcare.nl\/wp-content\/uploads\/2025\/02\/Raw-Hempcare-CBD-5-10ml-compleet-front-view.jpg\" class=\"attachment- size-\" alt=\"\" srcset=\"https:\/\/www.hempcare.nl\/wp-content\/uploads\/2025\/02\/Raw-Hempcare-CBD-5-10ml-compleet-front-view.jpg 1000w, https:\/\/www.hempcare.nl\/wp-content\/uploads\/2025\/02\/Raw-Hempcare-CBD-5-10ml-compleet-front-view-400x400.jpg 400w, https:\/\/www.hempcare.nl\/wp-content\/uploads\/2025\/02\/Raw-Hempcare-CBD-5-10ml-compleet-front-view-800x800.jpg 800w, https:\/\/www.hempcare.nl\/wp-content\/uploads\/2025\/02\/Raw-Hempcare-CBD-5-10ml-compleet-front-view-280x280.jpg 280w, https:\/\/www.hempcare.nl\/wp-content\/uploads\/2025\/02\/Raw-Hempcare-CBD-5-10ml-compleet-front-view-768x768.jpg 768w, https:\/\/www.hempcare.nl\/wp-content\/uploads\/2025\/02\/Raw-Hempcare-CBD-5-10ml-compleet-front-view-300x300.jpg 300w, https:\/\/www.hempcare.nl\/wp-content\/uploads\/2025\/02\/Raw-Hempcare-CBD-5-10ml-compleet-front-view-600x600.jpg 600w, https:\/\/www.hempcare.nl\/wp-content\/uploads\/2025\/02\/Raw-Hempcare-CBD-5-10ml-compleet-front-view-100x100.jpg 100w\" sizes=\"auto, (max-width: 1000px) 100vw, 1000px\" title=\"\">\t\t\t\t\t\t\t\t\t\t\t<\/div>\n\t\t\t\t\t<\/div>\n\n\t\t<div class=\"box-text text-center\" >\n\t\t\t<div class=\"box-text-inner\">\n\t\t\t\t\n\n\t<div id=\"text-1424726995\" class=\"text\">\n\t\t\n\n<h3>Hempcare ROH 5%<\/h3>\n<p>ist ein wunderbares Basisprodukt, ideal f\u00fcr CBD-Neulinge.<\/p>\n\t\t\n<style>\n#text-1424726995 {\n  text-align: center;\n}\n<\/style>\n\t<\/div>\n\t\n<a href=\"https:\/\/www.hempcare.nl\/de\/hanfpflege-roh-5\/\" class=\"button secondary is-larger\" style=\"border-radius:99px;\">\n\t<i class=\"icon-checkmark\" aria-hidden=\"true\"><\/i>\t<span>Produkt ansehen<\/span>\n\t<\/a>\n\n\n\n\t\t\t<\/div>\n\t\t<\/div>\n\t<\/div>\n\t\n\n\t\t<\/div>\n\t\t\t\t\t<\/div>\n\n\t\n\n\t<div id=\"col-1874203657\" class=\"col medium-6 small-12 large-6\"  >\n\t\t\t\t<div class=\"col-inner\"  >\n\t\t\t\n\t\t\t\n\n\t<div class=\"box has-hover   has-hover box-text-bottom\" >\n\n\t\t<div class=\"box-image\" style=\"width:80%;\">\n\t\t\t\t\t\t<div class=\"\" >\n\t\t\t\t<img loading=\"lazy\" decoding=\"async\" width=\"1000\" height=\"1000\" src=\"https:\/\/www.hempcare.nl\/wp-content\/uploads\/2025\/07\/Ruby-Hempcare-10-10ml-compleet-front-view.jpg\" class=\"attachment- size-\" alt=\"\" srcset=\"https:\/\/www.hempcare.nl\/wp-content\/uploads\/2025\/07\/Ruby-Hempcare-10-10ml-compleet-front-view.jpg 1000w, https:\/\/www.hempcare.nl\/wp-content\/uploads\/2025\/07\/Ruby-Hempcare-10-10ml-compleet-front-view-400x400.jpg 400w, https:\/\/www.hempcare.nl\/wp-content\/uploads\/2025\/07\/Ruby-Hempcare-10-10ml-compleet-front-view-800x800.jpg 800w, https:\/\/www.hempcare.nl\/wp-content\/uploads\/2025\/07\/Ruby-Hempcare-10-10ml-compleet-front-view-280x280.jpg 280w, https:\/\/www.hempcare.nl\/wp-content\/uploads\/2025\/07\/Ruby-Hempcare-10-10ml-compleet-front-view-768x768.jpg 768w, https:\/\/www.hempcare.nl\/wp-content\/uploads\/2025\/07\/Ruby-Hempcare-10-10ml-compleet-front-view-300x300.jpg 300w, https:\/\/www.hempcare.nl\/wp-content\/uploads\/2025\/07\/Ruby-Hempcare-10-10ml-compleet-front-view-600x600.jpg 600w, https:\/\/www.hempcare.nl\/wp-content\/uploads\/2025\/07\/Ruby-Hempcare-10-10ml-compleet-front-view-100x100.jpg 100w\" sizes=\"auto, (max-width: 1000px) 100vw, 1000px\" title=\"\">\t\t\t\t\t\t\t\t\t\t\t<\/div>\n\t\t\t\t\t<\/div>\n\n\t\t<div class=\"box-text text-center\" style=\"background-color:#ffffff;\">\n\t\t\t<div class=\"box-text-inner\">\n\t\t\t\t\n\n<h3>Hempcare Ruby 10%<\/h3>\n<p>Dieses \u00d6l ist reich an speziellen Terpenen, die eine wichtige Rolle bei verschiedenen Funktionen im K\u00f6rper spielen.<\/p>\n<a href=\"https:\/\/www.hempcare.nl\/de\/hanfpflege-rubin-10\/\" class=\"button secondary is-larger\" style=\"border-radius:99px;\">\n\t<i class=\"icon-checkmark\" aria-hidden=\"true\"><\/i>\t<span>Produkt ansehen<\/span>\n\t<\/a>\n\n\n\n\t\t\t<\/div>\n\t\t<\/div>\n\t<\/div>\n\t\n\n\t\t<\/div>\n\t\t\t\t\t<\/div>\n\n\t\n\n\n<style>\n#row-925707199 > .col > .col-inner {\n  padding: 0px 0px 60px 0px;\n}\n<\/style>\n<\/div>\n<div class=\"is-divider divider clearfix\" style=\"margin-top:0px;margin-bottom:0px;max-width:0px;height:0px;\"><\/div>\n\n<div class=\"row row-large imgboxb\"  id=\"row-459467739\">\n\n\n\t<div id=\"col-1323232160\" class=\"col medium-6 small-12 large-6\"  >\n\t\t\t\t<div class=\"col-inner\"  >\n\t\t\t\n\t\t\t\n\n\t<div class=\"box has-hover   has-hover box-text-bottom\" >\n\n\t\t<div class=\"box-image\" style=\"width:80%;\">\n\t\t\t\t\t\t<div class=\"\" >\n\t\t\t\t<img loading=\"lazy\" decoding=\"async\" width=\"1000\" height=\"1000\" src=\"https:\/\/www.hempcare.nl\/wp-content\/uploads\/2025\/07\/Sport-Hempcare-CBD-10-10ml-compleet-front-view.jpg\" class=\"attachment- size-\" alt=\"\" srcset=\"https:\/\/www.hempcare.nl\/wp-content\/uploads\/2025\/07\/Sport-Hempcare-CBD-10-10ml-compleet-front-view.jpg 1000w, https:\/\/www.hempcare.nl\/wp-content\/uploads\/2025\/07\/Sport-Hempcare-CBD-10-10ml-compleet-front-view-400x400.jpg 400w, https:\/\/www.hempcare.nl\/wp-content\/uploads\/2025\/07\/Sport-Hempcare-CBD-10-10ml-compleet-front-view-800x800.jpg 800w, https:\/\/www.hempcare.nl\/wp-content\/uploads\/2025\/07\/Sport-Hempcare-CBD-10-10ml-compleet-front-view-280x280.jpg 280w, https:\/\/www.hempcare.nl\/wp-content\/uploads\/2025\/07\/Sport-Hempcare-CBD-10-10ml-compleet-front-view-768x768.jpg 768w, https:\/\/www.hempcare.nl\/wp-content\/uploads\/2025\/07\/Sport-Hempcare-CBD-10-10ml-compleet-front-view-300x300.jpg 300w, https:\/\/www.hempcare.nl\/wp-content\/uploads\/2025\/07\/Sport-Hempcare-CBD-10-10ml-compleet-front-view-600x600.jpg 600w, https:\/\/www.hempcare.nl\/wp-content\/uploads\/2025\/07\/Sport-Hempcare-CBD-10-10ml-compleet-front-view-100x100.jpg 100w\" sizes=\"auto, (max-width: 1000px) 100vw, 1000px\" title=\"\">\t\t\t\t\t\t\t\t\t\t\t<\/div>\n\t\t\t\t\t<\/div>\n\n\t\t<div class=\"box-text text-center\" style=\"background-color:#ffffff;\">\n\t\t\t<div class=\"box-text-inner\">\n\t\t\t\t\n\n<h3>Hempcare Sport 10%<\/h3>\n<p>Dieses Vollspektrum 10% CBD \u00d6l 10ml enth\u00e4lt neben bestem CBD auch mehrere Terpene aus der CBD-Familie. Dies macht Hempcare CBD SPORT sehr interessant f\u00fcr Sportbegeisterte.<\/p>\n<a href=\"https:\/\/www.hempcare.nl\/de\/hanfpflege-sport-10\/\" class=\"button secondary is-larger\" style=\"border-radius:99px;\">\n\t<i class=\"icon-checkmark\" aria-hidden=\"true\"><\/i>\t<span>Produkt ansehen<\/span>\n\t<\/a>\n\n\n\n\t\t\t<\/div>\n\t\t<\/div>\n\t<\/div>\n\t\n\n\t\t<\/div>\n\t\t\t\t\t<\/div>\n\n\t\n\n\t<div id=\"col-1509999485\" class=\"col medium-6 small-12 large-6\"  >\n\t\t\t\t<div class=\"col-inner\"  >\n\t\t\t\n\t\t\t\n\n\t<div class=\"box has-hover   has-hover box-text-bottom\" >\n\n\t\t<div class=\"box-image\" style=\"width:80%;\">\n\t\t\t\t\t\t<div class=\"\" >\n\t\t\t\t<img loading=\"lazy\" decoding=\"async\" width=\"1000\" height=\"1000\" src=\"https:\/\/www.hempcare.nl\/wp-content\/uploads\/2025\/07\/Sleep-Hempcare-CBG-10-10ml-compleet-front-view.jpg\" class=\"attachment- size-\" alt=\"\" srcset=\"https:\/\/www.hempcare.nl\/wp-content\/uploads\/2025\/07\/Sleep-Hempcare-CBG-10-10ml-compleet-front-view.jpg 1000w, https:\/\/www.hempcare.nl\/wp-content\/uploads\/2025\/07\/Sleep-Hempcare-CBG-10-10ml-compleet-front-view-400x400.jpg 400w, https:\/\/www.hempcare.nl\/wp-content\/uploads\/2025\/07\/Sleep-Hempcare-CBG-10-10ml-compleet-front-view-800x800.jpg 800w, https:\/\/www.hempcare.nl\/wp-content\/uploads\/2025\/07\/Sleep-Hempcare-CBG-10-10ml-compleet-front-view-280x280.jpg 280w, https:\/\/www.hempcare.nl\/wp-content\/uploads\/2025\/07\/Sleep-Hempcare-CBG-10-10ml-compleet-front-view-768x768.jpg 768w, https:\/\/www.hempcare.nl\/wp-content\/uploads\/2025\/07\/Sleep-Hempcare-CBG-10-10ml-compleet-front-view-300x300.jpg 300w, https:\/\/www.hempcare.nl\/wp-content\/uploads\/2025\/07\/Sleep-Hempcare-CBG-10-10ml-compleet-front-view-600x600.jpg 600w, https:\/\/www.hempcare.nl\/wp-content\/uploads\/2025\/07\/Sleep-Hempcare-CBG-10-10ml-compleet-front-view-100x100.jpg 100w\" sizes=\"auto, (max-width: 1000px) 100vw, 1000px\" title=\"\">\t\t\t\t\t\t\t\t\t\t\t<\/div>\n\t\t\t\t\t<\/div>\n\n\t\t<div class=\"box-text text-center\" >\n\t\t\t<div class=\"box-text-inner\">\n\t\t\t\t\n\n<h3>Hempcare Sleep 10%<\/h3>\n<p>Dies ist eines der beliebtesten Produkte im Sortiment. Das liegt daran, dass dieses Produkt eine wirksame Formel aus verschiedenen Cannabinoiden, Terpenen, Omega-Fetts\u00e4uren und Antioxidantien enth\u00e4lt.<\/p>\n<a href=\"https:\/\/www.hempcare.nl\/de\/hanfpflege-schlaf-10\/\" class=\"button secondary is-larger\" style=\"border-radius:99px;\">\n\t<i class=\"icon-checkmark\" aria-hidden=\"true\"><\/i>\t<span>Produkt ansehen<\/span>\n\t<\/a>\n\n\n\n\t\t\t<\/div>\n\t\t<\/div>\n\t<\/div>\n\t\n\n\t\t<\/div>\n\t\t\t\t\t<\/div>\n\n\t\n\n\n<style>\n#row-459467739 > .col > .col-inner {\n  padding: 0px 0px 60px 0px;\n}\n<\/style>\n<\/div>\n<div class=\"is-divider divider clearfix\" style=\"margin-top:0px;margin-bottom:0px;max-width:0px;height:40px;\"><\/div>\n\n\n\t<section class=\"section\" id=\"section_863143453\">\n\t\t<div class=\"section-bg fill\" >\n\t\t\t\t\t\t\t\t\t\n\t\t\t\n\n\t\t<\/div>\n\n\t\t\n\n\t\t<div class=\"section-content relative\">\n\t\t\t\n\n<div class=\"row row-collapse row-full-width align-middle\"  id=\"row-1445892650\">\n\n\n\t<div id=\"col-479786102\" class=\"col medium-6 small-12 large-6\"  >\n\t\t\t\t<div class=\"col-inner\"  >\n\t\t\t\n\t\t\t\n\n\t<div class=\"img has-hover x md-x lg-x y md-y lg-y\" id=\"image_618227466\">\n\t\t\t\t\t\t\t\t<div class=\"img-inner dark\" >\n\t\t\t<img loading=\"lazy\" decoding=\"async\" width=\"1020\" height=\"680\" src=\"https:\/\/www.hempcare.nl\/wp-content\/uploads\/2025\/07\/Hempcare_01-1200x800.jpg\" class=\"attachment-large size-large\" alt=\"\" srcset=\"https:\/\/www.hempcare.nl\/wp-content\/uploads\/2025\/07\/Hempcare_01-1200x800.jpg 1200w, https:\/\/www.hempcare.nl\/wp-content\/uploads\/2025\/07\/Hempcare_01-600x400.jpg 600w, https:\/\/www.hempcare.nl\/wp-content\/uploads\/2025\/07\/Hempcare_01-768x512.jpg 768w, https:\/\/www.hempcare.nl\/wp-content\/uploads\/2025\/07\/Hempcare_01-1536x1024.jpg 1536w, https:\/\/www.hempcare.nl\/wp-content\/uploads\/2025\/07\/Hempcare_01.jpg 1563w\" sizes=\"auto, (max-width: 1020px) 100vw, 1020px\" title=\"\">\t\t\t\t\t\t\n\t\t\t\t\t<\/div>\n\t\t\t\t\t\t\t\t\n<style>\n#image_618227466 {\n  width: 100%;\n}\n<\/style>\n\t<\/div>\n\t\n\n\n\t\t<\/div>\n\t\t\t\t\t<\/div>\n\n\t\n\n\t<div id=\"col-2140269508\" class=\"col medium-6 small-12 large-6\"  >\n\t\t\t\t<div class=\"col-inner text-center\"  >\n\t\t\t\n\t\t\t\n\n\t<div id=\"text-3382627427\" class=\"text\">\n\t\t\n\n<h2 dir=\"auto\">Hempcare Sleep: Potentes CBD &amp; CBG f\u00fcr ultimative Beruhigung<\/h2>\n<p>\u2713 Einzigartige 10% CBD + 10% CBG Formel f\u00fcr den starken Entourage-Effekt.<\/p>\n<p>\u2713 100% nat\u00fcrlich, organisch und angereichert mit Beta-Caryophyllen f\u00fcr tiefe Entspannung.<\/p>\n<p>\u2713 Leicht zu dosieren mit Hanf\u00f6l, ideal f\u00fcr eine erholsame Nacht.<\/p>\n\t\t\n<style>\n#text-3382627427 {\n  text-align: left;\n  color: #ffffff;\n}\n#text-3382627427 > * {\n  color: #ffffff;\n}\n<\/style>\n\t<\/div>\n\t\n<a href=\"https:\/\/www.hempcare.nl\/de\/hanfpflege-schlaf-10\/\" class=\"button secondary is-larger\" style=\"border-radius:99px;\">\n\t<i class=\"icon-checkmark\" aria-hidden=\"true\"><\/i>\t<span>Produkt ansehen<\/span>\n\t<\/a>\n\n\n\n\t\t<\/div>\n\t\t\t\t\n<style>\n#col-2140269508 > .col-inner {\n  padding: 10% 0px 10% 10%;\n  max-width: 520px;\n}\n<\/style>\n\t<\/div>\n\n\t\n\n<\/div>\n\n\t\t<\/div>\n\n\t\t\n<style>\n#section_863143453 {\n  padding-top: 0px;\n  padding-bottom: 0px;\n  background-color: #187c58;\n}\n<\/style>\n\t<\/section>\n\t\n<div class=\"is-divider divider clearfix\" style=\"margin-top:0px;margin-bottom:0px;max-width:0px;height:70px;\"><\/div>\n\n<div class=\"row row-large imgboxb\"  id=\"row-1093008159\">\n\n\n\t<div id=\"col-100229907\" class=\"col medium-6 small-12 large-6\"  >\n\t\t\t\t<div class=\"col-inner\"  >\n\t\t\t\n\t\t\t\n\n\t<div class=\"box has-hover   has-hover box-text-bottom\" >\n\n\t\t<div class=\"box-image\" style=\"width:80%;\">\n\t\t\t\t\t\t<div class=\"\" >\n\t\t\t\t<img loading=\"lazy\" decoding=\"async\" width=\"1000\" height=\"1000\" src=\"https:\/\/www.hempcare.nl\/wp-content\/uploads\/2025\/07\/Pearlcaps-CBD-5MG-capsules-Hempcare-compleet.jpg\" class=\"attachment- size-\" alt=\"\" srcset=\"https:\/\/www.hempcare.nl\/wp-content\/uploads\/2025\/07\/Pearlcaps-CBD-5MG-capsules-Hempcare-compleet.jpg 1000w, https:\/\/www.hempcare.nl\/wp-content\/uploads\/2025\/07\/Pearlcaps-CBD-5MG-capsules-Hempcare-compleet-400x400.jpg 400w, https:\/\/www.hempcare.nl\/wp-content\/uploads\/2025\/07\/Pearlcaps-CBD-5MG-capsules-Hempcare-compleet-800x800.jpg 800w, https:\/\/www.hempcare.nl\/wp-content\/uploads\/2025\/07\/Pearlcaps-CBD-5MG-capsules-Hempcare-compleet-280x280.jpg 280w, https:\/\/www.hempcare.nl\/wp-content\/uploads\/2025\/07\/Pearlcaps-CBD-5MG-capsules-Hempcare-compleet-768x768.jpg 768w, https:\/\/www.hempcare.nl\/wp-content\/uploads\/2025\/07\/Pearlcaps-CBD-5MG-capsules-Hempcare-compleet-300x300.jpg 300w, https:\/\/www.hempcare.nl\/wp-content\/uploads\/2025\/07\/Pearlcaps-CBD-5MG-capsules-Hempcare-compleet-600x600.jpg 600w, https:\/\/www.hempcare.nl\/wp-content\/uploads\/2025\/07\/Pearlcaps-CBD-5MG-capsules-Hempcare-compleet-100x100.jpg 100w\" sizes=\"auto, (max-width: 1000px) 100vw, 1000px\" title=\"\">\t\t\t\t\t\t\t\t\t\t\t<\/div>\n\t\t\t\t\t<\/div>\n\n\t\t<div class=\"box-text text-center\" >\n\t\t\t<div class=\"box-text-inner\">\n\t\t\t\t\n\n<h3>Hempcare RAW-Kapseln 5%<\/h3>\n<p>Diese sind mit Hempcare 5% RAW CBD-\u00d6l gef\u00fcllt. Es enth\u00e4lt sowohl Cannabidiol als auch andere Cannabinoide, sowie Flavonoide, Terpene und Phenole. Diese CBD-Kapseln enthalten kein THC!<\/p>\n<a href=\"https:\/\/www.hempcare.nl\/de\/hanfcare-roh-cbd-kapseln-5\/\" class=\"button secondary is-larger\" style=\"border-radius:99px;\">\n\t<i class=\"icon-checkmark\" aria-hidden=\"true\"><\/i>\t<span>Produkt ansehen<\/span>\n\t<\/a>\n\n\n\n\t\t\t<\/div>\n\t\t<\/div>\n\t<\/div>\n\t\n\n\t\t<\/div>\n\t\t\t\t\t<\/div>\n\n\t\n\n\n<style>\n#row-1093008159 > .col > .col-inner {\n  padding: 0px 0px 60px 0px;\n}\n<\/style>\n<\/div>\n<div class=\"is-divider divider clearfix\" style=\"margin-top:0px;margin-bottom:0px;max-width:0px;height:60px;\"><\/div>","protected":false},"excerpt":{"rendered":"","protected":false},"author":2,"featured_media":1085,"parent":0,"menu_order":1,"comment_status":"closed","ping_status":"closed","template":"page-blank.php","meta":{"footnotes":""},"class_list":["post-138","page","type-page","status-publish","has-post-thumbnail","hentry"],"_links":{"self":[{"href":"https:\/\/www.hempcare.nl\/de\/wp-json\/wp\/v2\/pages\/138","targetHints":{"allow":["GET"]}}],"collection":[{"href":"https:\/\/www.hempcare.nl\/de\/wp-json\/wp\/v2\/pages"}],"about":[{"href":"https:\/\/www.hempcare.nl\/de\/wp-json\/wp\/v2\/types\/page"}],"author":[{"embeddable":true,"href":"https:\/\/www.hempcare.nl\/de\/wp-json\/wp\/v2\/users\/2"}],"replies":[{"embeddable":true,"href":"https:\/\/www.hempcare.nl\/de\/wp-json\/wp\/v2\/comments?post=138"}],"version-history":[{"count":99,"href":"https:\/\/www.hempcare.nl\/de\/wp-json\/wp\/v2\/pages\/138\/revisions"}],"predecessor-version":[{"id":1246,"href":"https:\/\/www.hempcare.nl\/de\/wp-json\/wp\/v2\/pages\/138\/revisions\/1246"}],"wp:featuredmedia":[{"embeddable":true,"href":"https:\/\/www.hempcare.nl\/de\/wp-json\/wp\/v2\/media\/1085"}],"wp:attachment":[{"href":"https:\/\/www.hempcare.nl\/de\/wp-json\/wp\/v2\/media?parent=138"}],"curies":[{"name":"wp","href":"https:\/\/api.w.org\/{rel}","templated":true}]}}